{"id":7531,"date":"2023-10-10T12:50:31","date_gmt":"2023-10-10T10:50:31","guid":{"rendered":"https:\/\/sodip.net\/?post_type=product&#038;p=7531"},"modified":"2023-11-01T14:55:38","modified_gmt":"2023-11-01T13:55:38","slug":"msa-earmuff-headband","status":"publish","type":"product","link":"https:\/\/sodip.net\/en\/product\/msa-earmuff-headband\/","title":{"rendered":"MSA EARMUFF HEADBAND"},"content":{"rendered":"<h2 class=\"p1\"><strong>MSA EARMUFF HEADBAND<\/strong><\/h2>\n<p>Offering the highest protection available for low-frequency environments, MSA's HPE earmuffs are designed specifically for very high noise levels and are ideal for airfields, power plants and other areas where noise is intense. A padded headband and super-soft ear cushions guarantee all-day comfort while providing permanent protection.<\/p>\n<p>&nbsp;<\/p>","protected":false},"excerpt":{"rendered":"<p>Offering the highest protection available for low-frequency environments, MSA's HPE earmuffs are designed specifically for very high noise levels and are ideal for airfields, power plants and other areas where noise is intense. A padded headband and super-soft ear cushions guarantee all-day comfort while providing permanent protection.<\/p>\n<p>&nbsp;<\/p>","protected":false},"featured_media":7532,"comment_status":"closed","ping_status":"closed","template":"","meta":{"inline_featured_image":false},"product_cat":[148,115],"product_tag":[70,80],"class_list":["post-7531","product","type-product","status-publish","has-post-thumbnail","hentry","product_cat-casques-anti-bruits","product_cat-equipement-de-protection-individuel","product_tag-protective","product_tag-safety-gear"],"yoast_head":"<!-- This site is optimized with the Yoast SEO plugin v22.8 - https:\/\/yoast.com\/wordpress\/plugins\/seo\/ -->\n<title>MSA EARMUFF HEADBAND - SODIP SARL<\/title>\n<meta name=\"robots\" content=\"index, follow, max-snippet:-1, max-image-preview:large, max-video-preview:-1\" \/>\n<link rel=\"canonical\" href=\"https:\/\/sodip.net\/en\/product\/msa-earmuff-headband\/\" \/>\n<meta property=\"og:locale\" content=\"en_GB\" \/>\n<meta property=\"og:type\" content=\"article\" \/>\n<meta property=\"og:title\" content=\"MSA EARMUFF HEADBAND - SODIP SARL\" \/>\n<meta property=\"og:description\" content=\"Offrant la protection la plus \u00e9lev\u00e9e disponible pour les environnements \u00e0 basses fr\u00e9quences, les casques antibruit HPE de MSA sont con\u00e7us sp\u00e9cifiquement pour les niveaux de bruit tr\u00e8s \u00e9lev\u00e9s et sont id\u00e9aux pour les a\u00e9rodromes, les centrales \u00e9lectriques et autres zones o\u00f9 le bruit est intense. Un bandeau rembourr\u00e9 et des coussinets super doux garantissent un confort tout au long de la journ\u00e9e tout en assurant une protection permanente.  &nbsp;\" \/>\n<meta property=\"og:url\" content=\"https:\/\/sodip.net\/en\/product\/msa-earmuff-headband\/\" \/>\n<meta property=\"og:site_name\" content=\"SODIP SARL\" \/>\n<meta property=\"article:modified_time\" content=\"2023-11-01T13:55:38+00:00\" \/>\n<meta property=\"og:image\" content=\"https:\/\/sodip.net\/wp-content\/uploads\/2023\/10\/MSA-EARMUFF-HEADBAND.png\" \/>\n\t<meta property=\"og:image:width\" content=\"500\" \/>\n\t<meta property=\"og:image:height\" content=\"500\" \/>\n\t<meta property=\"og:image:type\" content=\"image\/png\" \/>\n<meta name=\"twitter:card\" content=\"summary_large_image\" \/>\n<script type=\"application\/ld+json\" class=\"yoast-schema-graph\">{\"@context\":\"https:\/\/schema.org\",\"@graph\":[{\"@type\":\"WebPage\",\"@id\":\"https:\/\/sodip.net\/produit\/msa-earmuff-headband\/\",\"url\":\"https:\/\/sodip.net\/produit\/msa-earmuff-headband\/\",\"name\":\"MSA EARMUFF HEADBAND - SODIP SARL\",\"isPartOf\":{\"@id\":\"https:\/\/sodip.net\/en\/#website\"},\"primaryImageOfPage\":{\"@id\":\"https:\/\/sodip.net\/produit\/msa-earmuff-headband\/#primaryimage\"},\"image\":{\"@id\":\"https:\/\/sodip.net\/produit\/msa-earmuff-headband\/#primaryimage\"},\"thumbnailUrl\":\"https:\/\/sodip.net\/wp-content\/uploads\/2023\/10\/MSA-EARMUFF-HEADBAND.png\",\"datePublished\":\"2023-10-10T10:50:31+00:00\",\"dateModified\":\"2023-11-01T13:55:38+00:00\",\"breadcrumb\":{\"@id\":\"https:\/\/sodip.net\/produit\/msa-earmuff-headband\/#breadcrumb\"},\"inLanguage\":\"en-GB\",\"potentialAction\":[{\"@type\":\"ReadAction\",\"target\":[\"https:\/\/sodip.net\/produit\/msa-earmuff-headband\/\"]}]},{\"@type\":\"ImageObject\",\"inLanguage\":\"en-GB\",\"@id\":\"https:\/\/sodip.net\/produit\/msa-earmuff-headband\/#primaryimage\",\"url\":\"https:\/\/sodip.net\/wp-content\/uploads\/2023\/10\/MSA-EARMUFF-HEADBAND.png\",\"contentUrl\":\"https:\/\/sodip.net\/wp-content\/uploads\/2023\/10\/MSA-EARMUFF-HEADBAND.png\",\"width\":500,\"height\":500},{\"@type\":\"BreadcrumbList\",\"@id\":\"https:\/\/sodip.net\/produit\/msa-earmuff-headband\/#breadcrumb\",\"itemListElement\":[{\"@type\":\"ListItem\",\"position\":1,\"name\":\"Accueil\",\"item\":\"https:\/\/sodip.net\/\"},{\"@type\":\"ListItem\",\"position\":2,\"name\":\"Boutique\",\"item\":\"https:\/\/sodip.net\/en\/boutique\/\"},{\"@type\":\"ListItem\",\"position\":3,\"name\":\"MSA EARMUFF HEADBAND\"}]},{\"@type\":\"WebSite\",\"@id\":\"https:\/\/sodip.net\/en\/#website\",\"url\":\"https:\/\/sodip.net\/en\/\",\"name\":\"SODIP SARL\",\"description\":\"Soci\u00e9t\u00e9 d&#039;ing\u00e9nierie et de production\",\"publisher\":{\"@id\":\"https:\/\/sodip.net\/en\/#organization\"},\"potentialAction\":[{\"@type\":\"SearchAction\",\"target\":{\"@type\":\"EntryPoint\",\"urlTemplate\":\"https:\/\/sodip.net\/en\/?s={search_term_string}\"},\"query-input\":\"required name=search_term_string\"}],\"inLanguage\":\"en-GB\"},{\"@type\":\"Organization\",\"@id\":\"https:\/\/sodip.net\/en\/#organization\",\"name\":\"SODIP SARL\",\"url\":\"https:\/\/sodip.net\/en\/\",\"logo\":{\"@type\":\"ImageObject\",\"inLanguage\":\"en-GB\",\"@id\":\"https:\/\/sodip.net\/en\/#\/schema\/logo\/image\/\",\"url\":\"https:\/\/sodip.net\/wp-content\/uploads\/2023\/09\/cropped-logo-1.png\",\"contentUrl\":\"https:\/\/sodip.net\/wp-content\/uploads\/2023\/09\/cropped-logo-1.png\",\"width\":825,\"height\":213,\"caption\":\"SODIP SARL\"},\"image\":{\"@id\":\"https:\/\/sodip.net\/en\/#\/schema\/logo\/image\/\"}}]}<\/script>\n<!-- \/ Yoast SEO plugin. -->","yoast_head_json":{"title":"MSA EARMUFF HEADBAND - SODIP SARL","robots":{"index":"index","follow":"follow","max-snippet":"max-snippet:-1","max-image-preview":"max-image-preview:large","max-video-preview":"max-video-preview:-1"},"canonical":"https:\/\/sodip.net\/en\/product\/msa-earmuff-headband\/","og_locale":"en_GB","og_type":"article","og_title":"MSA EARMUFF HEADBAND - SODIP SARL","og_description":"Offrant la protection la plus \u00e9lev\u00e9e disponible pour les environnements \u00e0 basses fr\u00e9quences, les casques antibruit HPE de MSA sont con\u00e7us sp\u00e9cifiquement pour les niveaux de bruit tr\u00e8s \u00e9lev\u00e9s et sont id\u00e9aux pour les a\u00e9rodromes, les centrales \u00e9lectriques et autres zones o\u00f9 le bruit est intense. Un bandeau rembourr\u00e9 et des coussinets super doux garantissent un confort tout au long de la journ\u00e9e tout en assurant une protection permanente.  &nbsp;","og_url":"https:\/\/sodip.net\/en\/product\/msa-earmuff-headband\/","og_site_name":"SODIP SARL","article_modified_time":"2023-11-01T13:55:38+00:00","og_image":[{"width":500,"height":500,"url":"https:\/\/sodip.net\/wp-content\/uploads\/2023\/10\/MSA-EARMUFF-HEADBAND.png","type":"image\/png"}],"twitter_card":"summary_large_image","schema":{"@context":"https:\/\/schema.org","@graph":[{"@type":"WebPage","@id":"https:\/\/sodip.net\/produit\/msa-earmuff-headband\/","url":"https:\/\/sodip.net\/produit\/msa-earmuff-headband\/","name":"MSA EARMUFF HEADBAND - SODIP SARL","isPartOf":{"@id":"https:\/\/sodip.net\/en\/#website"},"primaryImageOfPage":{"@id":"https:\/\/sodip.net\/produit\/msa-earmuff-headband\/#primaryimage"},"image":{"@id":"https:\/\/sodip.net\/produit\/msa-earmuff-headband\/#primaryimage"},"thumbnailUrl":"https:\/\/sodip.net\/wp-content\/uploads\/2023\/10\/MSA-EARMUFF-HEADBAND.png","datePublished":"2023-10-10T10:50:31+00:00","dateModified":"2023-11-01T13:55:38+00:00","breadcrumb":{"@id":"https:\/\/sodip.net\/produit\/msa-earmuff-headband\/#breadcrumb"},"inLanguage":"en-GB","potentialAction":[{"@type":"ReadAction","target":["https:\/\/sodip.net\/produit\/msa-earmuff-headband\/"]}]},{"@type":"ImageObject","inLanguage":"en-GB","@id":"https:\/\/sodip.net\/produit\/msa-earmuff-headband\/#primaryimage","url":"https:\/\/sodip.net\/wp-content\/uploads\/2023\/10\/MSA-EARMUFF-HEADBAND.png","contentUrl":"https:\/\/sodip.net\/wp-content\/uploads\/2023\/10\/MSA-EARMUFF-HEADBAND.png","width":500,"height":500},{"@type":"BreadcrumbList","@id":"https:\/\/sodip.net\/produit\/msa-earmuff-headband\/#breadcrumb","itemListElement":[{"@type":"ListItem","position":1,"name":"Accueil","item":"https:\/\/sodip.net\/"},{"@type":"ListItem","position":2,"name":"Boutique","item":"https:\/\/sodip.net\/en\/boutique\/"},{"@type":"ListItem","position":3,"name":"MSA EARMUFF HEADBAND"}]},{"@type":"WebSite","@id":"https:\/\/sodip.net\/en\/#website","url":"https:\/\/sodip.net\/en\/","name":"SODIP SARL","description":"Soci\u00e9t\u00e9 d&#039;ing\u00e9nierie et de production","publisher":{"@id":"https:\/\/sodip.net\/en\/#organization"},"potentialAction":[{"@type":"SearchAction","target":{"@type":"EntryPoint","urlTemplate":"https:\/\/sodip.net\/en\/?s={search_term_string}"},"query-input":"required name=search_term_string"}],"inLanguage":"en-GB"},{"@type":"Organization","@id":"https:\/\/sodip.net\/en\/#organization","name":"SODIP SARL","url":"https:\/\/sodip.net\/en\/","logo":{"@type":"ImageObject","inLanguage":"en-GB","@id":"https:\/\/sodip.net\/en\/#\/schema\/logo\/image\/","url":"https:\/\/sodip.net\/wp-content\/uploads\/2023\/09\/cropped-logo-1.png","contentUrl":"https:\/\/sodip.net\/wp-content\/uploads\/2023\/09\/cropped-logo-1.png","width":825,"height":213,"caption":"SODIP SARL"},"image":{"@id":"https:\/\/sodip.net\/en\/#\/schema\/logo\/image\/"}}]}},"_links":{"self":[{"href":"https:\/\/sodip.net\/en\/wp-json\/wp\/v2\/product\/7531","targetHints":{"allow":["GET"]}}],"collection":[{"href":"https:\/\/sodip.net\/en\/wp-json\/wp\/v2\/product"}],"about":[{"href":"https:\/\/sodip.net\/en\/wp-json\/wp\/v2\/types\/product"}],"replies":[{"embeddable":true,"href":"https:\/\/sodip.net\/en\/wp-json\/wp\/v2\/comments?post=7531"}],"wp:featuredmedia":[{"embeddable":true,"href":"https:\/\/sodip.net\/en\/wp-json\/wp\/v2\/media\/7532"}],"wp:attachment":[{"href":"https:\/\/sodip.net\/en\/wp-json\/wp\/v2\/media?parent=7531"}],"wp:term":[{"taxonomy":"product_cat","embeddable":true,"href":"https:\/\/sodip.net\/en\/wp-json\/wp\/v2\/product_cat?post=7531"},{"taxonomy":"product_tag","embeddable":true,"href":"https:\/\/sodip.net\/en\/wp-json\/wp\/v2\/product_tag?post=7531"}],"curies":[{"name":"wp","href":"https:\/\/api.w.org\/{rel}","templated":true}]}}