{"id":7527,"date":"2023-10-10T12:38:46","date_gmt":"2023-10-10T10:38:46","guid":{"rendered":"https:\/\/sodip.net\/?post_type=product&#038;p=7527"},"modified":"2023-11-01T14:56:24","modified_gmt":"2023-11-01T13:56:24","slug":"hat-v-gard-fas-trac","status":"publish","type":"product","link":"https:\/\/sodip.net\/en\/product\/hat-v-gard-fas-trac\/","title":{"rendered":"HAT, V-GARD FAS TRAC"},"content":{"rendered":"<h2 class=\"p1\"><strong>HAT, V-GARD FAS TRAC<\/strong><\/h2>\n<p>Making sure your staff are wearing their safety helmets can be a real headache. MSA, the leading supplier of hard hats, has the perfect remedy: Fas-Trac\u00ae III suspension. No more pressure headaches. No more hair pulling. No more falling off. No more sacrificing worker comfort for safety. MSA's market-leading helmets now come with suspension for optimum comfort!<\/p>\n<p>&nbsp;<\/p>","protected":false},"excerpt":{"rendered":"<p>Making sure your staff are wearing their safety helmets can be a real headache. MSA, the leading supplier of hard hats, has the perfect remedy: Fas-Trac\u00ae III suspension. No more pressure headaches. No more hair pulling. No more falling off. No more sacrificing worker comfort for safety. MSA's market-leading helmets now come with suspension for optimum comfort!<\/p>\n<p>&nbsp;<\/p>","protected":false},"featured_media":7528,"comment_status":"closed","ping_status":"closed","template":"","meta":{"inline_featured_image":false},"product_cat":[149,115],"product_tag":[70,80],"class_list":["post-7527","product","type-product","status-publish","has-post-thumbnail","hentry","product_cat-casques-de-securite","product_cat-equipement-de-protection-individuel","product_tag-protective","product_tag-safety-gear"],"yoast_head":"<!-- This site is optimized with the Yoast SEO plugin v22.8 - https:\/\/yoast.com\/wordpress\/plugins\/seo\/ -->\n<title>HAT, V-GARD FAS TRAC - SODIP SARL<\/title>\n<meta name=\"robots\" content=\"index, follow, max-snippet:-1, max-image-preview:large, max-video-preview:-1\" \/>\n<link rel=\"canonical\" href=\"https:\/\/sodip.net\/en\/product\/hat-v-gard-fas-trac\/\" \/>\n<meta property=\"og:locale\" content=\"en_GB\" \/>\n<meta property=\"og:type\" content=\"article\" \/>\n<meta property=\"og:title\" content=\"HAT, V-GARD FAS TRAC - SODIP SARL\" \/>\n<meta property=\"og:description\" content=\"S&#039;assurer que votre personnel porte son casque de s\u00e9curit\u00e9 peut \u00eatre un v\u00e9ritable casse-t\u00eate. MSA, le principal fournisseur de casques de protection, a le rem\u00e8de parfait : la suspension Fas-Trac\u00ae III. Finis les maux de t\u00eate dus \u00e0 la pression. Plus de cheveux arrach\u00e9s. Plus de chute. Fini de sacrifier le confort du travailleur \u00e0 la s\u00e9curit\u00e9. Les casques MSA, leaders sur le march\u00e9, sont d\u00e9sormais dot\u00e9s d&#039;une suspension offrant un confort optimal !  &nbsp;\" \/>\n<meta property=\"og:url\" content=\"https:\/\/sodip.net\/en\/product\/hat-v-gard-fas-trac\/\" \/>\n<meta property=\"og:site_name\" content=\"SODIP SARL\" \/>\n<meta property=\"article:modified_time\" content=\"2023-11-01T13:56:24+00:00\" \/>\n<meta property=\"og:image\" content=\"https:\/\/sodip.net\/wp-content\/uploads\/2023\/10\/HAT-V-GARD-FAS-TRAC.png\" \/>\n\t<meta property=\"og:image:width\" content=\"500\" \/>\n\t<meta property=\"og:image:height\" content=\"500\" \/>\n\t<meta property=\"og:image:type\" content=\"image\/png\" \/>\n<meta name=\"twitter:card\" content=\"summary_large_image\" \/>\n<script type=\"application\/ld+json\" class=\"yoast-schema-graph\">{\"@context\":\"https:\/\/schema.org\",\"@graph\":[{\"@type\":\"WebPage\",\"@id\":\"https:\/\/sodip.net\/produit\/hat-v-gard-fas-trac\/\",\"url\":\"https:\/\/sodip.net\/produit\/hat-v-gard-fas-trac\/\",\"name\":\"HAT, V-GARD FAS TRAC - SODIP SARL\",\"isPartOf\":{\"@id\":\"https:\/\/sodip.net\/en\/#website\"},\"primaryImageOfPage\":{\"@id\":\"https:\/\/sodip.net\/produit\/hat-v-gard-fas-trac\/#primaryimage\"},\"image\":{\"@id\":\"https:\/\/sodip.net\/produit\/hat-v-gard-fas-trac\/#primaryimage\"},\"thumbnailUrl\":\"https:\/\/sodip.net\/wp-content\/uploads\/2023\/10\/HAT-V-GARD-FAS-TRAC.png\",\"datePublished\":\"2023-10-10T10:38:46+00:00\",\"dateModified\":\"2023-11-01T13:56:24+00:00\",\"breadcrumb\":{\"@id\":\"https:\/\/sodip.net\/produit\/hat-v-gard-fas-trac\/#breadcrumb\"},\"inLanguage\":\"en-GB\",\"potentialAction\":[{\"@type\":\"ReadAction\",\"target\":[\"https:\/\/sodip.net\/produit\/hat-v-gard-fas-trac\/\"]}]},{\"@type\":\"ImageObject\",\"inLanguage\":\"en-GB\",\"@id\":\"https:\/\/sodip.net\/produit\/hat-v-gard-fas-trac\/#primaryimage\",\"url\":\"https:\/\/sodip.net\/wp-content\/uploads\/2023\/10\/HAT-V-GARD-FAS-TRAC.png\",\"contentUrl\":\"https:\/\/sodip.net\/wp-content\/uploads\/2023\/10\/HAT-V-GARD-FAS-TRAC.png\",\"width\":500,\"height\":500},{\"@type\":\"BreadcrumbList\",\"@id\":\"https:\/\/sodip.net\/produit\/hat-v-gard-fas-trac\/#breadcrumb\",\"itemListElement\":[{\"@type\":\"ListItem\",\"position\":1,\"name\":\"Accueil\",\"item\":\"https:\/\/sodip.net\/\"},{\"@type\":\"ListItem\",\"position\":2,\"name\":\"Boutique\",\"item\":\"https:\/\/sodip.net\/en\/boutique\/\"},{\"@type\":\"ListItem\",\"position\":3,\"name\":\"HAT, V-GARD FAS TRAC\"}]},{\"@type\":\"WebSite\",\"@id\":\"https:\/\/sodip.net\/en\/#website\",\"url\":\"https:\/\/sodip.net\/en\/\",\"name\":\"SODIP SARL\",\"description\":\"Soci\u00e9t\u00e9 d&#039;ing\u00e9nierie et de production\",\"publisher\":{\"@id\":\"https:\/\/sodip.net\/en\/#organization\"},\"potentialAction\":[{\"@type\":\"SearchAction\",\"target\":{\"@type\":\"EntryPoint\",\"urlTemplate\":\"https:\/\/sodip.net\/en\/?s={search_term_string}\"},\"query-input\":\"required name=search_term_string\"}],\"inLanguage\":\"en-GB\"},{\"@type\":\"Organization\",\"@id\":\"https:\/\/sodip.net\/en\/#organization\",\"name\":\"SODIP SARL\",\"url\":\"https:\/\/sodip.net\/en\/\",\"logo\":{\"@type\":\"ImageObject\",\"inLanguage\":\"en-GB\",\"@id\":\"https:\/\/sodip.net\/en\/#\/schema\/logo\/image\/\",\"url\":\"https:\/\/sodip.net\/wp-content\/uploads\/2023\/09\/cropped-logo-1.png\",\"contentUrl\":\"https:\/\/sodip.net\/wp-content\/uploads\/2023\/09\/cropped-logo-1.png\",\"width\":825,\"height\":213,\"caption\":\"SODIP SARL\"},\"image\":{\"@id\":\"https:\/\/sodip.net\/en\/#\/schema\/logo\/image\/\"}}]}<\/script>\n<!-- \/ Yoast SEO plugin. -->","yoast_head_json":{"title":"HAT, V-GARD FAS TRAC - SODIP SARL","robots":{"index":"index","follow":"follow","max-snippet":"max-snippet:-1","max-image-preview":"max-image-preview:large","max-video-preview":"max-video-preview:-1"},"canonical":"https:\/\/sodip.net\/en\/product\/hat-v-gard-fas-trac\/","og_locale":"en_GB","og_type":"article","og_title":"HAT, V-GARD FAS TRAC - SODIP SARL","og_description":"S'assurer que votre personnel porte son casque de s\u00e9curit\u00e9 peut \u00eatre un v\u00e9ritable casse-t\u00eate. MSA, le principal fournisseur de casques de protection, a le rem\u00e8de parfait : la suspension Fas-Trac\u00ae III. Finis les maux de t\u00eate dus \u00e0 la pression. Plus de cheveux arrach\u00e9s. Plus de chute. Fini de sacrifier le confort du travailleur \u00e0 la s\u00e9curit\u00e9. Les casques MSA, leaders sur le march\u00e9, sont d\u00e9sormais dot\u00e9s d'une suspension offrant un confort optimal !  &nbsp;","og_url":"https:\/\/sodip.net\/en\/product\/hat-v-gard-fas-trac\/","og_site_name":"SODIP SARL","article_modified_time":"2023-11-01T13:56:24+00:00","og_image":[{"width":500,"height":500,"url":"https:\/\/sodip.net\/wp-content\/uploads\/2023\/10\/HAT-V-GARD-FAS-TRAC.png","type":"image\/png"}],"twitter_card":"summary_large_image","schema":{"@context":"https:\/\/schema.org","@graph":[{"@type":"WebPage","@id":"https:\/\/sodip.net\/produit\/hat-v-gard-fas-trac\/","url":"https:\/\/sodip.net\/produit\/hat-v-gard-fas-trac\/","name":"HAT, V-GARD FAS TRAC - SODIP SARL","isPartOf":{"@id":"https:\/\/sodip.net\/en\/#website"},"primaryImageOfPage":{"@id":"https:\/\/sodip.net\/produit\/hat-v-gard-fas-trac\/#primaryimage"},"image":{"@id":"https:\/\/sodip.net\/produit\/hat-v-gard-fas-trac\/#primaryimage"},"thumbnailUrl":"https:\/\/sodip.net\/wp-content\/uploads\/2023\/10\/HAT-V-GARD-FAS-TRAC.png","datePublished":"2023-10-10T10:38:46+00:00","dateModified":"2023-11-01T13:56:24+00:00","breadcrumb":{"@id":"https:\/\/sodip.net\/produit\/hat-v-gard-fas-trac\/#breadcrumb"},"inLanguage":"en-GB","potentialAction":[{"@type":"ReadAction","target":["https:\/\/sodip.net\/produit\/hat-v-gard-fas-trac\/"]}]},{"@type":"ImageObject","inLanguage":"en-GB","@id":"https:\/\/sodip.net\/produit\/hat-v-gard-fas-trac\/#primaryimage","url":"https:\/\/sodip.net\/wp-content\/uploads\/2023\/10\/HAT-V-GARD-FAS-TRAC.png","contentUrl":"https:\/\/sodip.net\/wp-content\/uploads\/2023\/10\/HAT-V-GARD-FAS-TRAC.png","width":500,"height":500},{"@type":"BreadcrumbList","@id":"https:\/\/sodip.net\/produit\/hat-v-gard-fas-trac\/#breadcrumb","itemListElement":[{"@type":"ListItem","position":1,"name":"Accueil","item":"https:\/\/sodip.net\/"},{"@type":"ListItem","position":2,"name":"Boutique","item":"https:\/\/sodip.net\/en\/boutique\/"},{"@type":"ListItem","position":3,"name":"HAT, V-GARD FAS TRAC"}]},{"@type":"WebSite","@id":"https:\/\/sodip.net\/en\/#website","url":"https:\/\/sodip.net\/en\/","name":"SODIP SARL","description":"Soci\u00e9t\u00e9 d&#039;ing\u00e9nierie et de production","publisher":{"@id":"https:\/\/sodip.net\/en\/#organization"},"potentialAction":[{"@type":"SearchAction","target":{"@type":"EntryPoint","urlTemplate":"https:\/\/sodip.net\/en\/?s={search_term_string}"},"query-input":"required name=search_term_string"}],"inLanguage":"en-GB"},{"@type":"Organization","@id":"https:\/\/sodip.net\/en\/#organization","name":"SODIP SARL","url":"https:\/\/sodip.net\/en\/","logo":{"@type":"ImageObject","inLanguage":"en-GB","@id":"https:\/\/sodip.net\/en\/#\/schema\/logo\/image\/","url":"https:\/\/sodip.net\/wp-content\/uploads\/2023\/09\/cropped-logo-1.png","contentUrl":"https:\/\/sodip.net\/wp-content\/uploads\/2023\/09\/cropped-logo-1.png","width":825,"height":213,"caption":"SODIP SARL"},"image":{"@id":"https:\/\/sodip.net\/en\/#\/schema\/logo\/image\/"}}]}},"_links":{"self":[{"href":"https:\/\/sodip.net\/en\/wp-json\/wp\/v2\/product\/7527","targetHints":{"allow":["GET"]}}],"collection":[{"href":"https:\/\/sodip.net\/en\/wp-json\/wp\/v2\/product"}],"about":[{"href":"https:\/\/sodip.net\/en\/wp-json\/wp\/v2\/types\/product"}],"replies":[{"embeddable":true,"href":"https:\/\/sodip.net\/en\/wp-json\/wp\/v2\/comments?post=7527"}],"wp:featuredmedia":[{"embeddable":true,"href":"https:\/\/sodip.net\/en\/wp-json\/wp\/v2\/media\/7528"}],"wp:attachment":[{"href":"https:\/\/sodip.net\/en\/wp-json\/wp\/v2\/media?parent=7527"}],"wp:term":[{"taxonomy":"product_cat","embeddable":true,"href":"https:\/\/sodip.net\/en\/wp-json\/wp\/v2\/product_cat?post=7527"},{"taxonomy":"product_tag","embeddable":true,"href":"https:\/\/sodip.net\/en\/wp-json\/wp\/v2\/product_tag?post=7527"}],"curies":[{"name":"wp","href":"https:\/\/api.w.org\/{rel}","templated":true}]}}