{"id":7525,"date":"2023-10-10T12:32:17","date_gmt":"2023-10-10T10:32:17","guid":{"rendered":"https:\/\/sodip.net\/?post_type=product&#038;p=7525"},"modified":"2023-11-01T11:55:44","modified_gmt":"2023-11-01T10:55:44","slug":"msa-m1-self-contained-breathing-apparatus-complete-set","status":"publish","type":"product","link":"https:\/\/sodip.net\/en\/product\/msa-m1-self-contained-breathing-apparatus-complete-set\/","title":{"rendered":"MSA M1 SELF CONTAINED BREATHING APPARATUS COMPLETE SET"},"content":{"rendered":"<h2 class=\"p1\"><strong>MSA M1 SELF CONTAINED BREATHING APPARATUS COMPLETE SET<\/strong><\/h2>\n<p>The M1 SCBA is fully customizable and can be configured to meet a wide range of firefighters' needs. Buy within your budget and upgrade later - right in the field.<br \/>\nOverall, the M1 respirator represents the most advanced, ergonomic and modular SCBA system on the market, designed and developed in collaboration with firefighters. This all-new breathing apparatus platform includes a number of innovative, customizable features that contribute to improved hygiene and comfort.<\/p>\n<p>&nbsp;<\/p>","protected":false},"excerpt":{"rendered":"<p>The M1 SCBA is fully customizable and can be configured to meet a wide range of firefighters' needs. Buy within your budget and upgrade later - right in the field.<br \/>\nOverall, the M1 respirator represents the most advanced, ergonomic and modular SCBA system on the market, designed and developed in collaboration with firefighters. This all-new breathing apparatus platform includes a number of innovative, customizable features that contribute to improved hygiene and comfort.<\/p>\n<p>&nbsp;<\/p>","protected":false},"featured_media":7526,"comment_status":"closed","ping_status":"closed","template":"","meta":{"inline_featured_image":false},"product_cat":[130,118],"product_tag":[70,80],"class_list":["post-7525","product","type-product","status-publish","has-post-thumbnail","hentry","product_cat-appareils-respiratoires-isolants","product_cat-protection-respiratoire","product_tag-protective","product_tag-safety-gear"],"yoast_head":"<!-- This site is optimized with the Yoast SEO plugin v22.8 - https:\/\/yoast.com\/wordpress\/plugins\/seo\/ -->\n<title>MSA M1 SELF CONTAINED BREATHING APPARATUS COMPLETE SET - SODIP SARL<\/title>\n<meta name=\"robots\" content=\"index, follow, max-snippet:-1, max-image-preview:large, max-video-preview:-1\" \/>\n<link rel=\"canonical\" href=\"https:\/\/sodip.net\/en\/product\/msa-m1-self-contained-breathing-apparatus-complete-set\/\" \/>\n<meta property=\"og:locale\" content=\"en_GB\" \/>\n<meta property=\"og:type\" content=\"article\" \/>\n<meta property=\"og:title\" content=\"MSA M1 SELF CONTAINED BREATHING APPARATUS COMPLETE SET - SODIP SARL\" \/>\n<meta property=\"og:description\" content=\"L&#039;ARI M1 est enti\u00e8rement personnalisable et peut \u00eatre configur\u00e9 pour r\u00e9pondre \u00e0 un large \u00e9ventail de besoins des pompiers. Achetez en fonction de votre budget et mettez-le \u00e0 niveau plus tard - directement sur le terrain. Globalement, l&#039;appareil respiratoire M1 repr\u00e9sente le syst\u00e8me SCBA le plus avanc\u00e9, le plus ergonomique et le plus modulaire du march\u00e9, qui a \u00e9t\u00e9 con\u00e7u et d\u00e9velopp\u00e9 en collaboration avec les pompiers. Cette toute nouvelle plateforme d&#039;appareil respiratoire comprend plusieurs caract\u00e9ristiques innovantes et personnalisables qui contribuent \u00e0 am\u00e9liorer l&#039;hygi\u00e8ne et le confort.  &nbsp;\" \/>\n<meta property=\"og:url\" content=\"https:\/\/sodip.net\/en\/product\/msa-m1-self-contained-breathing-apparatus-complete-set\/\" \/>\n<meta property=\"og:site_name\" content=\"SODIP SARL\" \/>\n<meta property=\"article:modified_time\" content=\"2023-11-01T10:55:44+00:00\" \/>\n<meta property=\"og:image\" content=\"https:\/\/sodip.net\/wp-content\/uploads\/2023\/10\/MSA-M1-SELF-CONTAINED-BREATHING-APPARATUS-COMPLETE-SET.png\" \/>\n\t<meta property=\"og:image:width\" content=\"500\" \/>\n\t<meta property=\"og:image:height\" content=\"500\" \/>\n\t<meta property=\"og:image:type\" content=\"image\/png\" \/>\n<meta name=\"twitter:card\" content=\"summary_large_image\" \/>\n<meta name=\"twitter:label1\" content=\"Estimated reading time\" \/>\n\t<meta name=\"twitter:data1\" content=\"1 minute\" \/>\n<script type=\"application\/ld+json\" class=\"yoast-schema-graph\">{\"@context\":\"https:\/\/schema.org\",\"@graph\":[{\"@type\":\"WebPage\",\"@id\":\"https:\/\/sodip.net\/produit\/msa-m1-self-contained-breathing-apparatus-complete-set\/\",\"url\":\"https:\/\/sodip.net\/produit\/msa-m1-self-contained-breathing-apparatus-complete-set\/\",\"name\":\"MSA M1 SELF CONTAINED BREATHING APPARATUS COMPLETE SET - SODIP SARL\",\"isPartOf\":{\"@id\":\"https:\/\/sodip.net\/en\/#website\"},\"primaryImageOfPage\":{\"@id\":\"https:\/\/sodip.net\/produit\/msa-m1-self-contained-breathing-apparatus-complete-set\/#primaryimage\"},\"image\":{\"@id\":\"https:\/\/sodip.net\/produit\/msa-m1-self-contained-breathing-apparatus-complete-set\/#primaryimage\"},\"thumbnailUrl\":\"https:\/\/sodip.net\/wp-content\/uploads\/2023\/10\/MSA-M1-SELF-CONTAINED-BREATHING-APPARATUS-COMPLETE-SET.png\",\"datePublished\":\"2023-10-10T10:32:17+00:00\",\"dateModified\":\"2023-11-01T10:55:44+00:00\",\"breadcrumb\":{\"@id\":\"https:\/\/sodip.net\/produit\/msa-m1-self-contained-breathing-apparatus-complete-set\/#breadcrumb\"},\"inLanguage\":\"en-GB\",\"potentialAction\":[{\"@type\":\"ReadAction\",\"target\":[\"https:\/\/sodip.net\/produit\/msa-m1-self-contained-breathing-apparatus-complete-set\/\"]}]},{\"@type\":\"ImageObject\",\"inLanguage\":\"en-GB\",\"@id\":\"https:\/\/sodip.net\/produit\/msa-m1-self-contained-breathing-apparatus-complete-set\/#primaryimage\",\"url\":\"https:\/\/sodip.net\/wp-content\/uploads\/2023\/10\/MSA-M1-SELF-CONTAINED-BREATHING-APPARATUS-COMPLETE-SET.png\",\"contentUrl\":\"https:\/\/sodip.net\/wp-content\/uploads\/2023\/10\/MSA-M1-SELF-CONTAINED-BREATHING-APPARATUS-COMPLETE-SET.png\",\"width\":500,\"height\":500},{\"@type\":\"BreadcrumbList\",\"@id\":\"https:\/\/sodip.net\/produit\/msa-m1-self-contained-breathing-apparatus-complete-set\/#breadcrumb\",\"itemListElement\":[{\"@type\":\"ListItem\",\"position\":1,\"name\":\"Accueil\",\"item\":\"https:\/\/sodip.net\/\"},{\"@type\":\"ListItem\",\"position\":2,\"name\":\"Boutique\",\"item\":\"https:\/\/sodip.net\/en\/boutique\/\"},{\"@type\":\"ListItem\",\"position\":3,\"name\":\"MSA M1 SELF CONTAINED BREATHING APPARATUS COMPLETE SET\"}]},{\"@type\":\"WebSite\",\"@id\":\"https:\/\/sodip.net\/en\/#website\",\"url\":\"https:\/\/sodip.net\/en\/\",\"name\":\"SODIP SARL\",\"description\":\"Soci\u00e9t\u00e9 d&#039;ing\u00e9nierie et de production\",\"publisher\":{\"@id\":\"https:\/\/sodip.net\/en\/#organization\"},\"potentialAction\":[{\"@type\":\"SearchAction\",\"target\":{\"@type\":\"EntryPoint\",\"urlTemplate\":\"https:\/\/sodip.net\/en\/?s={search_term_string}\"},\"query-input\":\"required name=search_term_string\"}],\"inLanguage\":\"en-GB\"},{\"@type\":\"Organization\",\"@id\":\"https:\/\/sodip.net\/en\/#organization\",\"name\":\"SODIP SARL\",\"url\":\"https:\/\/sodip.net\/en\/\",\"logo\":{\"@type\":\"ImageObject\",\"inLanguage\":\"en-GB\",\"@id\":\"https:\/\/sodip.net\/en\/#\/schema\/logo\/image\/\",\"url\":\"https:\/\/sodip.net\/wp-content\/uploads\/2023\/09\/cropped-logo-1.png\",\"contentUrl\":\"https:\/\/sodip.net\/wp-content\/uploads\/2023\/09\/cropped-logo-1.png\",\"width\":825,\"height\":213,\"caption\":\"SODIP SARL\"},\"image\":{\"@id\":\"https:\/\/sodip.net\/en\/#\/schema\/logo\/image\/\"}}]}<\/script>\n<!-- \/ Yoast SEO plugin. -->","yoast_head_json":{"title":"MSA M1 SELF CONTAINED BREATHING APPARATUS COMPLETE SET - SODIP SARL","robots":{"index":"index","follow":"follow","max-snippet":"max-snippet:-1","max-image-preview":"max-image-preview:large","max-video-preview":"max-video-preview:-1"},"canonical":"https:\/\/sodip.net\/en\/product\/msa-m1-self-contained-breathing-apparatus-complete-set\/","og_locale":"en_GB","og_type":"article","og_title":"MSA M1 SELF CONTAINED BREATHING APPARATUS COMPLETE SET - SODIP SARL","og_description":"L'ARI M1 est enti\u00e8rement personnalisable et peut \u00eatre configur\u00e9 pour r\u00e9pondre \u00e0 un large \u00e9ventail de besoins des pompiers. Achetez en fonction de votre budget et mettez-le \u00e0 niveau plus tard - directement sur le terrain. Globalement, l'appareil respiratoire M1 repr\u00e9sente le syst\u00e8me SCBA le plus avanc\u00e9, le plus ergonomique et le plus modulaire du march\u00e9, qui a \u00e9t\u00e9 con\u00e7u et d\u00e9velopp\u00e9 en collaboration avec les pompiers. Cette toute nouvelle plateforme d'appareil respiratoire comprend plusieurs caract\u00e9ristiques innovantes et personnalisables qui contribuent \u00e0 am\u00e9liorer l'hygi\u00e8ne et le confort.  &nbsp;","og_url":"https:\/\/sodip.net\/en\/product\/msa-m1-self-contained-breathing-apparatus-complete-set\/","og_site_name":"SODIP SARL","article_modified_time":"2023-11-01T10:55:44+00:00","og_image":[{"width":500,"height":500,"url":"https:\/\/sodip.net\/wp-content\/uploads\/2023\/10\/MSA-M1-SELF-CONTAINED-BREATHING-APPARATUS-COMPLETE-SET.png","type":"image\/png"}],"twitter_card":"summary_large_image","twitter_misc":{"Estimated reading time":"1 minute"},"schema":{"@context":"https:\/\/schema.org","@graph":[{"@type":"WebPage","@id":"https:\/\/sodip.net\/produit\/msa-m1-self-contained-breathing-apparatus-complete-set\/","url":"https:\/\/sodip.net\/produit\/msa-m1-self-contained-breathing-apparatus-complete-set\/","name":"MSA M1 SELF CONTAINED BREATHING APPARATUS COMPLETE SET - SODIP SARL","isPartOf":{"@id":"https:\/\/sodip.net\/en\/#website"},"primaryImageOfPage":{"@id":"https:\/\/sodip.net\/produit\/msa-m1-self-contained-breathing-apparatus-complete-set\/#primaryimage"},"image":{"@id":"https:\/\/sodip.net\/produit\/msa-m1-self-contained-breathing-apparatus-complete-set\/#primaryimage"},"thumbnailUrl":"https:\/\/sodip.net\/wp-content\/uploads\/2023\/10\/MSA-M1-SELF-CONTAINED-BREATHING-APPARATUS-COMPLETE-SET.png","datePublished":"2023-10-10T10:32:17+00:00","dateModified":"2023-11-01T10:55:44+00:00","breadcrumb":{"@id":"https:\/\/sodip.net\/produit\/msa-m1-self-contained-breathing-apparatus-complete-set\/#breadcrumb"},"inLanguage":"en-GB","potentialAction":[{"@type":"ReadAction","target":["https:\/\/sodip.net\/produit\/msa-m1-self-contained-breathing-apparatus-complete-set\/"]}]},{"@type":"ImageObject","inLanguage":"en-GB","@id":"https:\/\/sodip.net\/produit\/msa-m1-self-contained-breathing-apparatus-complete-set\/#primaryimage","url":"https:\/\/sodip.net\/wp-content\/uploads\/2023\/10\/MSA-M1-SELF-CONTAINED-BREATHING-APPARATUS-COMPLETE-SET.png","contentUrl":"https:\/\/sodip.net\/wp-content\/uploads\/2023\/10\/MSA-M1-SELF-CONTAINED-BREATHING-APPARATUS-COMPLETE-SET.png","width":500,"height":500},{"@type":"BreadcrumbList","@id":"https:\/\/sodip.net\/produit\/msa-m1-self-contained-breathing-apparatus-complete-set\/#breadcrumb","itemListElement":[{"@type":"ListItem","position":1,"name":"Accueil","item":"https:\/\/sodip.net\/"},{"@type":"ListItem","position":2,"name":"Boutique","item":"https:\/\/sodip.net\/en\/boutique\/"},{"@type":"ListItem","position":3,"name":"MSA M1 SELF CONTAINED BREATHING APPARATUS COMPLETE SET"}]},{"@type":"WebSite","@id":"https:\/\/sodip.net\/en\/#website","url":"https:\/\/sodip.net\/en\/","name":"SODIP SARL","description":"Soci\u00e9t\u00e9 d&#039;ing\u00e9nierie et de production","publisher":{"@id":"https:\/\/sodip.net\/en\/#organization"},"potentialAction":[{"@type":"SearchAction","target":{"@type":"EntryPoint","urlTemplate":"https:\/\/sodip.net\/en\/?s={search_term_string}"},"query-input":"required name=search_term_string"}],"inLanguage":"en-GB"},{"@type":"Organization","@id":"https:\/\/sodip.net\/en\/#organization","name":"SODIP SARL","url":"https:\/\/sodip.net\/en\/","logo":{"@type":"ImageObject","inLanguage":"en-GB","@id":"https:\/\/sodip.net\/en\/#\/schema\/logo\/image\/","url":"https:\/\/sodip.net\/wp-content\/uploads\/2023\/09\/cropped-logo-1.png","contentUrl":"https:\/\/sodip.net\/wp-content\/uploads\/2023\/09\/cropped-logo-1.png","width":825,"height":213,"caption":"SODIP SARL"},"image":{"@id":"https:\/\/sodip.net\/en\/#\/schema\/logo\/image\/"}}]}},"_links":{"self":[{"href":"https:\/\/sodip.net\/en\/wp-json\/wp\/v2\/product\/7525","targetHints":{"allow":["GET"]}}],"collection":[{"href":"https:\/\/sodip.net\/en\/wp-json\/wp\/v2\/product"}],"about":[{"href":"https:\/\/sodip.net\/en\/wp-json\/wp\/v2\/types\/product"}],"replies":[{"embeddable":true,"href":"https:\/\/sodip.net\/en\/wp-json\/wp\/v2\/comments?post=7525"}],"wp:featuredmedia":[{"embeddable":true,"href":"https:\/\/sodip.net\/en\/wp-json\/wp\/v2\/media\/7526"}],"wp:attachment":[{"href":"https:\/\/sodip.net\/en\/wp-json\/wp\/v2\/media?parent=7525"}],"wp:term":[{"taxonomy":"product_cat","embeddable":true,"href":"https:\/\/sodip.net\/en\/wp-json\/wp\/v2\/product_cat?post=7525"},{"taxonomy":"product_tag","embeddable":true,"href":"https:\/\/sodip.net\/en\/wp-json\/wp\/v2\/product_tag?post=7525"}],"curies":[{"name":"wp","href":"https:\/\/api.w.org\/{rel}","templated":true}]}}