{"id":7523,"date":"2023-10-10T12:19:14","date_gmt":"2023-10-10T10:19:14","guid":{"rendered":"https:\/\/sodip.net\/?post_type=product&#038;p=7523"},"modified":"2023-11-01T11:40:15","modified_gmt":"2023-11-01T10:40:15","slug":"msa-galaxy-gx2-altair-5x","status":"publish","type":"product","link":"https:\/\/sodip.net\/en\/product\/msa-galaxy-gx2-altair-5x\/","title":{"rendered":"MSA GALAXY GX2 ALTAIR 5X"},"content":{"rendered":"<h2 class=\"p1\"><strong>MSA GALAXY GX2 ALTAIR 5X<\/strong><\/h2>\n<p>Simplicity counts with MSA's GALAXY\u00ae GX2 automated test system for advanced safety management and effortless operation.<\/p>\n<p>&nbsp;<\/p>","protected":false},"excerpt":{"rendered":"<p>Simplicity counts with MSA's GALAXY\u00ae GX2 automated test system for advanced safety management and effortless operation.<\/p>\n<p>&nbsp;<\/p>\n<p>&nbsp;<\/p>","protected":false},"featured_media":7524,"comment_status":"closed","ping_status":"closed","template":"","meta":{"inline_featured_image":false},"product_cat":[145,114],"product_tag":[70,80],"class_list":["post-7523","product","type-product","status-publish","has-post-thumbnail","hentry","product_cat-banc-de-recharge-pour-detecteur","product_cat-detection-des-gaz","product_tag-protective","product_tag-safety-gear"],"yoast_head":"<!-- This site is optimized with the Yoast SEO plugin v22.8 - https:\/\/yoast.com\/wordpress\/plugins\/seo\/ -->\n<title>MSA GALAXY GX2 ALTAIR 5X - SODIP SARL<\/title>\n<meta name=\"robots\" content=\"index, follow, max-snippet:-1, max-image-preview:large, max-video-preview:-1\" \/>\n<link rel=\"canonical\" href=\"https:\/\/sodip.net\/en\/product\/msa-galaxy-gx2-altair-5x\/\" \/>\n<meta property=\"og:locale\" content=\"en_GB\" \/>\n<meta property=\"og:type\" content=\"article\" \/>\n<meta property=\"og:title\" content=\"MSA GALAXY GX2 ALTAIR 5X - SODIP SARL\" \/>\n<meta property=\"og:description\" content=\"La simplicit\u00e9 compte avec le syst\u00e8me de test automatis\u00e9 GALAXY\u00ae GX2 de MSA pour une gestion avanc\u00e9e de la s\u00e9curit\u00e9 et un fonctionnement sans effort.  &nbsp;  &nbsp;\" \/>\n<meta property=\"og:url\" content=\"https:\/\/sodip.net\/en\/product\/msa-galaxy-gx2-altair-5x\/\" \/>\n<meta property=\"og:site_name\" content=\"SODIP SARL\" \/>\n<meta property=\"article:modified_time\" content=\"2023-11-01T10:40:15+00:00\" \/>\n<meta property=\"og:image\" content=\"https:\/\/sodip.net\/wp-content\/uploads\/2023\/10\/MSA-GALAXY-GX2-ALTAIR-5X.png\" \/>\n\t<meta property=\"og:image:width\" content=\"500\" \/>\n\t<meta property=\"og:image:height\" content=\"500\" \/>\n\t<meta property=\"og:image:type\" content=\"image\/png\" \/>\n<meta name=\"twitter:card\" content=\"summary_large_image\" \/>\n<script type=\"application\/ld+json\" class=\"yoast-schema-graph\">{\"@context\":\"https:\/\/schema.org\",\"@graph\":[{\"@type\":\"WebPage\",\"@id\":\"https:\/\/sodip.net\/produit\/msa-galaxy-gx2-altair-5x\/\",\"url\":\"https:\/\/sodip.net\/produit\/msa-galaxy-gx2-altair-5x\/\",\"name\":\"MSA GALAXY GX2 ALTAIR 5X - SODIP SARL\",\"isPartOf\":{\"@id\":\"https:\/\/sodip.net\/en\/#website\"},\"primaryImageOfPage\":{\"@id\":\"https:\/\/sodip.net\/produit\/msa-galaxy-gx2-altair-5x\/#primaryimage\"},\"image\":{\"@id\":\"https:\/\/sodip.net\/produit\/msa-galaxy-gx2-altair-5x\/#primaryimage\"},\"thumbnailUrl\":\"https:\/\/sodip.net\/wp-content\/uploads\/2023\/10\/MSA-GALAXY-GX2-ALTAIR-5X.png\",\"datePublished\":\"2023-10-10T10:19:14+00:00\",\"dateModified\":\"2023-11-01T10:40:15+00:00\",\"breadcrumb\":{\"@id\":\"https:\/\/sodip.net\/produit\/msa-galaxy-gx2-altair-5x\/#breadcrumb\"},\"inLanguage\":\"en-GB\",\"potentialAction\":[{\"@type\":\"ReadAction\",\"target\":[\"https:\/\/sodip.net\/produit\/msa-galaxy-gx2-altair-5x\/\"]}]},{\"@type\":\"ImageObject\",\"inLanguage\":\"en-GB\",\"@id\":\"https:\/\/sodip.net\/produit\/msa-galaxy-gx2-altair-5x\/#primaryimage\",\"url\":\"https:\/\/sodip.net\/wp-content\/uploads\/2023\/10\/MSA-GALAXY-GX2-ALTAIR-5X.png\",\"contentUrl\":\"https:\/\/sodip.net\/wp-content\/uploads\/2023\/10\/MSA-GALAXY-GX2-ALTAIR-5X.png\",\"width\":500,\"height\":500},{\"@type\":\"BreadcrumbList\",\"@id\":\"https:\/\/sodip.net\/produit\/msa-galaxy-gx2-altair-5x\/#breadcrumb\",\"itemListElement\":[{\"@type\":\"ListItem\",\"position\":1,\"name\":\"Accueil\",\"item\":\"https:\/\/sodip.net\/\"},{\"@type\":\"ListItem\",\"position\":2,\"name\":\"Boutique\",\"item\":\"https:\/\/sodip.net\/en\/boutique\/\"},{\"@type\":\"ListItem\",\"position\":3,\"name\":\"MSA GALAXY GX2 ALTAIR 5X\"}]},{\"@type\":\"WebSite\",\"@id\":\"https:\/\/sodip.net\/en\/#website\",\"url\":\"https:\/\/sodip.net\/en\/\",\"name\":\"SODIP SARL\",\"description\":\"Soci\u00e9t\u00e9 d&#039;ing\u00e9nierie et de production\",\"publisher\":{\"@id\":\"https:\/\/sodip.net\/en\/#organization\"},\"potentialAction\":[{\"@type\":\"SearchAction\",\"target\":{\"@type\":\"EntryPoint\",\"urlTemplate\":\"https:\/\/sodip.net\/en\/?s={search_term_string}\"},\"query-input\":\"required name=search_term_string\"}],\"inLanguage\":\"en-GB\"},{\"@type\":\"Organization\",\"@id\":\"https:\/\/sodip.net\/en\/#organization\",\"name\":\"SODIP SARL\",\"url\":\"https:\/\/sodip.net\/en\/\",\"logo\":{\"@type\":\"ImageObject\",\"inLanguage\":\"en-GB\",\"@id\":\"https:\/\/sodip.net\/en\/#\/schema\/logo\/image\/\",\"url\":\"https:\/\/sodip.net\/wp-content\/uploads\/2023\/09\/cropped-logo-1.png\",\"contentUrl\":\"https:\/\/sodip.net\/wp-content\/uploads\/2023\/09\/cropped-logo-1.png\",\"width\":825,\"height\":213,\"caption\":\"SODIP SARL\"},\"image\":{\"@id\":\"https:\/\/sodip.net\/en\/#\/schema\/logo\/image\/\"}}]}<\/script>\n<!-- \/ Yoast SEO plugin. -->","yoast_head_json":{"title":"MSA GALAXY GX2 ALTAIR 5X - SODIP SARL","robots":{"index":"index","follow":"follow","max-snippet":"max-snippet:-1","max-image-preview":"max-image-preview:large","max-video-preview":"max-video-preview:-1"},"canonical":"https:\/\/sodip.net\/en\/product\/msa-galaxy-gx2-altair-5x\/","og_locale":"en_GB","og_type":"article","og_title":"MSA GALAXY GX2 ALTAIR 5X - SODIP SARL","og_description":"La simplicit\u00e9 compte avec le syst\u00e8me de test automatis\u00e9 GALAXY\u00ae GX2 de MSA pour une gestion avanc\u00e9e de la s\u00e9curit\u00e9 et un fonctionnement sans effort.  &nbsp;  &nbsp;","og_url":"https:\/\/sodip.net\/en\/product\/msa-galaxy-gx2-altair-5x\/","og_site_name":"SODIP SARL","article_modified_time":"2023-11-01T10:40:15+00:00","og_image":[{"width":500,"height":500,"url":"https:\/\/sodip.net\/wp-content\/uploads\/2023\/10\/MSA-GALAXY-GX2-ALTAIR-5X.png","type":"image\/png"}],"twitter_card":"summary_large_image","schema":{"@context":"https:\/\/schema.org","@graph":[{"@type":"WebPage","@id":"https:\/\/sodip.net\/produit\/msa-galaxy-gx2-altair-5x\/","url":"https:\/\/sodip.net\/produit\/msa-galaxy-gx2-altair-5x\/","name":"MSA GALAXY GX2 ALTAIR 5X - SODIP SARL","isPartOf":{"@id":"https:\/\/sodip.net\/en\/#website"},"primaryImageOfPage":{"@id":"https:\/\/sodip.net\/produit\/msa-galaxy-gx2-altair-5x\/#primaryimage"},"image":{"@id":"https:\/\/sodip.net\/produit\/msa-galaxy-gx2-altair-5x\/#primaryimage"},"thumbnailUrl":"https:\/\/sodip.net\/wp-content\/uploads\/2023\/10\/MSA-GALAXY-GX2-ALTAIR-5X.png","datePublished":"2023-10-10T10:19:14+00:00","dateModified":"2023-11-01T10:40:15+00:00","breadcrumb":{"@id":"https:\/\/sodip.net\/produit\/msa-galaxy-gx2-altair-5x\/#breadcrumb"},"inLanguage":"en-GB","potentialAction":[{"@type":"ReadAction","target":["https:\/\/sodip.net\/produit\/msa-galaxy-gx2-altair-5x\/"]}]},{"@type":"ImageObject","inLanguage":"en-GB","@id":"https:\/\/sodip.net\/produit\/msa-galaxy-gx2-altair-5x\/#primaryimage","url":"https:\/\/sodip.net\/wp-content\/uploads\/2023\/10\/MSA-GALAXY-GX2-ALTAIR-5X.png","contentUrl":"https:\/\/sodip.net\/wp-content\/uploads\/2023\/10\/MSA-GALAXY-GX2-ALTAIR-5X.png","width":500,"height":500},{"@type":"BreadcrumbList","@id":"https:\/\/sodip.net\/produit\/msa-galaxy-gx2-altair-5x\/#breadcrumb","itemListElement":[{"@type":"ListItem","position":1,"name":"Accueil","item":"https:\/\/sodip.net\/"},{"@type":"ListItem","position":2,"name":"Boutique","item":"https:\/\/sodip.net\/en\/boutique\/"},{"@type":"ListItem","position":3,"name":"MSA GALAXY GX2 ALTAIR 5X"}]},{"@type":"WebSite","@id":"https:\/\/sodip.net\/en\/#website","url":"https:\/\/sodip.net\/en\/","name":"SODIP SARL","description":"Soci\u00e9t\u00e9 d&#039;ing\u00e9nierie et de production","publisher":{"@id":"https:\/\/sodip.net\/en\/#organization"},"potentialAction":[{"@type":"SearchAction","target":{"@type":"EntryPoint","urlTemplate":"https:\/\/sodip.net\/en\/?s={search_term_string}"},"query-input":"required name=search_term_string"}],"inLanguage":"en-GB"},{"@type":"Organization","@id":"https:\/\/sodip.net\/en\/#organization","name":"SODIP SARL","url":"https:\/\/sodip.net\/en\/","logo":{"@type":"ImageObject","inLanguage":"en-GB","@id":"https:\/\/sodip.net\/en\/#\/schema\/logo\/image\/","url":"https:\/\/sodip.net\/wp-content\/uploads\/2023\/09\/cropped-logo-1.png","contentUrl":"https:\/\/sodip.net\/wp-content\/uploads\/2023\/09\/cropped-logo-1.png","width":825,"height":213,"caption":"SODIP SARL"},"image":{"@id":"https:\/\/sodip.net\/en\/#\/schema\/logo\/image\/"}}]}},"_links":{"self":[{"href":"https:\/\/sodip.net\/en\/wp-json\/wp\/v2\/product\/7523","targetHints":{"allow":["GET"]}}],"collection":[{"href":"https:\/\/sodip.net\/en\/wp-json\/wp\/v2\/product"}],"about":[{"href":"https:\/\/sodip.net\/en\/wp-json\/wp\/v2\/types\/product"}],"replies":[{"embeddable":true,"href":"https:\/\/sodip.net\/en\/wp-json\/wp\/v2\/comments?post=7523"}],"wp:featuredmedia":[{"embeddable":true,"href":"https:\/\/sodip.net\/en\/wp-json\/wp\/v2\/media\/7524"}],"wp:attachment":[{"href":"https:\/\/sodip.net\/en\/wp-json\/wp\/v2\/media?parent=7523"}],"wp:term":[{"taxonomy":"product_cat","embeddable":true,"href":"https:\/\/sodip.net\/en\/wp-json\/wp\/v2\/product_cat?post=7523"},{"taxonomy":"product_tag","embeddable":true,"href":"https:\/\/sodip.net\/en\/wp-json\/wp\/v2\/product_tag?post=7523"}],"curies":[{"name":"wp","href":"https:\/\/api.w.org\/{rel}","templated":true}]}}