{"id":6382,"date":"2023-09-01T14:03:45","date_gmt":"2023-09-01T12:03:45","guid":{"rendered":"https:\/\/sodip.net\/?page_id=6382"},"modified":"2024-03-04T10:37:13","modified_gmt":"2024-03-04T09:37:13","slug":"oformation-en-incendie","status":"publish","type":"page","link":"https:\/\/sodip.net\/en\/epi-incendie-foam\/oformation-en-incendie\/","title":{"rendered":"Fire training"},"content":{"rendered":"<div data-elementor-type=\"wp-page\" data-elementor-id=\"6382\" class=\"elementor elementor-6382\">\n\t\t\t\t\t\t\t\t\t<div class=\"elementor-section elementor-top-section elementor-element elementor-element-26df1db elementor-section-full_width elementor-section-stretched elementor-section-height-default elementor-section-height-default\" data-id=\"26df1db\" data-element_type=\"section\" data-settings=\"{&quot;stretch_section&quot;:&quot;section-stretched&quot;,&quot;background_background&quot;:&quot;classic&quot;}\">\n\t\t\t\t\t\t\t<div class=\"elementor-background-overlay\"><\/div>\n\t\t\t\t\t\t\t<div class=\"elementor-container elementor-column-gap-no\">\n\t\t\t\t\t<div class=\"elementor-column elementor-col-100 elementor-top-column elementor-element elementor-element-0a090a8\" data-id=\"0a090a8\" data-element_type=\"column\">\n\t\t\t<div class=\"elementor-widget-wrap elementor-element-populated\">\n\t\t\t\t\t\t\t\t<div class=\"elementor-element elementor-element-a50b403 elementor-widget elementor-widget-page-title\" data-id=\"a50b403\" data-element_type=\"widget\" data-settings=\"{&quot;align&quot;:&quot;center&quot;}\" data-widget_type=\"page-title.default\">\n\t\t\t\t<div class=\"elementor-widget-container\">\n\t\t\t\t\t\n\t\t<div class=\"hfe-page-title hfe-page-title-wrapper elementor-widget-heading\">\n\n\t\t\t\t\t\t\t\t\t\t\t<a href=\"https:\/\/sodip.net\/en\">\n\t\t\t\t\t\t<h1 class=\"elementor-heading-title elementor-size-default\">\n\t\t\t\t\t\t\t\t\n\t\t\t\tFire training  \n\t\t\t<\/h1> \n\t\t\t\t\t\t\t\t\t<\/a>\n\t\t\t\t\t<\/div>\n\t\t\t\t<\/div>\n\t\t\t\t<\/div>\n\t\t\t\t\t<\/div>\n\t\t<\/div>\n\t\t\t\t\t\t\t<\/div>\n\t\t<\/div>\n\t\t\t\t<div class=\"elementor-section elementor-top-section elementor-element elementor-element-343bb04 elementor-section-content-middle elementor-section-stretched elementor-section-boxed elementor-section-height-default elementor-section-height-default\" data-id=\"343bb04\" data-element_type=\"section\" data-settings=\"{&quot;stretch_section&quot;:&quot;section-stretched&quot;}\">\n\t\t\t\t\t\t<div class=\"elementor-container elementor-column-gap-no\">\n\t\t\t\t\t<div class=\"elementor-column elementor-col-33 elementor-top-column elementor-element elementor-element-8f8a796 elementor-hidden-tablet elementor-hidden-mobile\" data-id=\"8f8a796\" data-element_type=\"column\">\n\t\t\t<div class=\"elementor-widget-wrap elementor-element-populated\">\n\t\t\t\t\t\t\t\t<div class=\"elementor-element elementor-element-cbf9c4e elementor-widget__width-auto elementor-hidden-tablet elementor-hidden-mobile elementor-widget elementor-widget-image\" data-id=\"cbf9c4e\" data-element_type=\"widget\" data-widget_type=\"image.default\">\n\t\t\t\t<div class=\"elementor-widget-container\">\n\t\t\t<style>\/*! elementor - v3.15.0 - 20-08-2023 *\/\n.elementor-widget-image{text-align:center}.elementor-widget-image a{display:inline-block}.elementor-widget-image a img[src$=\".svg\"]{width:48px}.elementor-widget-image img{vertical-align:middle;display:inline-block}<\/style>\t\t\t\t\t\t\t\t\t\t\t\t<img decoding=\"async\" src=\"http:\/\/source.wpopal.com\/radist\/wp-content\/uploads\/2021\/12\/h3-banner1.jpg\" title=\"\" alt=\"\" loading=\"lazy\" \/>\t\t\t\t\t\t\t\t\t\t\t\t\t\t\t<\/div>\n\t\t\t\t<\/div>\n\t\t\t\t<div class=\"elementor-element elementor-element-4fd148e elementor-absolute elementor-hidden-tablet elementor-hidden-mobile elementor-widget elementor-widget-image\" data-id=\"4fd148e\" data-element_type=\"widget\" data-settings=\"{&quot;_position&quot;:&quot;absolute&quot;}\" data-widget_type=\"image.default\">\n\t\t\t\t<div class=\"elementor-widget-container\">\n\t\t\t\t\t\t\t\t\t\t\t\t\t\t\t<img loading=\"lazy\" decoding=\"async\" width=\"832\" height=\"572\" src=\"https:\/\/sodip.net\/wp-content\/uploads\/2023\/09\/securite-incendie.jpeg\" class=\"attachment-full size-full wp-image-7368\" alt=\"\" srcset=\"https:\/\/sodip.net\/wp-content\/uploads\/2023\/09\/securite-incendie.jpeg 832w, https:\/\/sodip.net\/wp-content\/uploads\/2023\/09\/securite-incendie-300x206.jpeg 300w, https:\/\/sodip.net\/wp-content\/uploads\/2023\/09\/securite-incendie-768x528.jpeg 768w, https:\/\/sodip.net\/wp-content\/uploads\/2023\/09\/securite-incendie-630x433.jpeg 630w, https:\/\/sodip.net\/wp-content\/uploads\/2023\/09\/securite-incendie-450x309.jpeg 450w, https:\/\/sodip.net\/wp-content\/uploads\/2023\/09\/securite-incendie-800x550.jpeg 800w\" sizes=\"auto, (max-width: 832px) 100vw, 832px\" \/>\t\t\t\t\t\t\t\t\t\t\t\t\t\t\t<\/div>\n\t\t\t\t<\/div>\n\t\t\t\t\t<\/div>\n\t\t<\/div>\n\t\t\t\t<div class=\"elementor-column elementor-col-66 elementor-top-column elementor-element elementor-element-3ca7410\" data-id=\"3ca7410\" data-element_type=\"column\" data-settings=\"{&quot;background_background&quot;:&quot;classic&quot;}\">\n\t\t\t<div class=\"elementor-widget-wrap elementor-element-populated\">\n\t\t\t\t\t\t\t\t<div class=\"elementor-element elementor-element-f3f1890 elementor-widget elementor-widget-heading\" data-id=\"f3f1890\" data-element_type=\"widget\" data-widget_type=\"heading.default\">\n\t\t\t\t<div class=\"elementor-widget-container\">\n\t\t\t<style>\/*! elementor - v3.15.0 - 20-08-2023 *\/\n.elementor-heading-title{padding:0;margin:0;line-height:1}.elementor-widget-heading .elementor-heading-title[class*=elementor-size-]>a{color:inherit;font-size:inherit;line-height:inherit}.elementor-widget-heading .elementor-heading-title.elementor-size-small{font-size:15px}.elementor-widget-heading .elementor-heading-title.elementor-size-medium{font-size:19px}.elementor-widget-heading .elementor-heading-title.elementor-size-large{font-size:29px}.elementor-widget-heading .elementor-heading-title.elementor-size-xl{font-size:39px}.elementor-widget-heading .elementor-heading-title.elementor-size-xxl{font-size:59px}<\/style><h2 class=\"elementor-heading-title elementor-size-default\">Educate to Prevent<\/h2>\t\t<\/div>\n\t\t\t\t<\/div>\n\t\t\t\t<div class=\"elementor-element elementor-element-8d3fa08 elementor-widget elementor-widget-heading\" data-id=\"8d3fa08\" data-element_type=\"widget\" data-widget_type=\"heading.default\">\n\t\t\t\t<div class=\"elementor-widget-container\">\n\t\t\t<h2 class=\"elementor-heading-title elementor-size-default\">Fire training<\/h2>\t\t<\/div>\n\t\t\t\t<\/div>\n\t\t\t\t<div class=\"elementor-element elementor-element-002964f elementor-widget elementor-widget-text-editor\" data-id=\"002964f\" data-element_type=\"widget\" data-widget_type=\"text-editor.default\">\n\t\t\t\t<div class=\"elementor-widget-container\">\n\t\t\t<style>\/*! elementor - v3.15.0 - 20-08-2023 *\/\n.elementor-widget-text-editor.elementor-drop-cap-view-stacked .elementor-drop-cap{background-color:#69727d;color:#fff}.elementor-widget-text-editor.elementor-drop-cap-view-framed .elementor-drop-cap{color:#69727d;border:3px solid;background-color:transparent}.elementor-widget-text-editor:not(.elementor-drop-cap-view-default) .elementor-drop-cap{margin-top:8px}.elementor-widget-text-editor:not(.elementor-drop-cap-view-default) .elementor-drop-cap-letter{width:1em;height:1em}.elementor-widget-text-editor .elementor-drop-cap{float:left;text-align:center;line-height:1;font-size:50px}.elementor-widget-text-editor .elementor-drop-cap-letter{display:inline-block}<\/style>\t\t\t\t<p>Fire training is essential to prepare your staff to respond effectively in the event of a fire. Our fire training service is organized into sections to provide comprehensive, targeted training.<\/p>\t\t\t\t\t\t<\/div>\n\t\t\t\t<\/div>\n\t\t\t\t<div class=\"elementor-element elementor-element-c6ec753 elementor-align-left elementor-widget elementor-widget-button\" data-id=\"c6ec753\" data-element_type=\"widget\" data-widget_type=\"button.default\">\n\t\t\t\t<div class=\"elementor-widget-container\">\n\t\t\t\t\t<div class=\"elementor-button-wrapper\">\n\t\t\t<a class=\"elementor-button elementor-button-link elementor-size-sm\" href=\"https:\/\/sodip.net\/en\/contact-us\/\">\n\t\t\t\t\t\t<span class=\"elementor-button-content-wrapper\">\n\t\t\t\t\t\t<span class=\"elementor-button-icon elementor-align-icon-right\">\n\t\t\t\t<i aria-hidden=\"true\" class=\"radist-icon- radist-icon-circle-arrow-right\"><\/i>\t\t\t<\/span>\n\t\t\t\t\t\t<span class=\"elementor-button-text\">Contact us<\/span>\n\t\t<\/span>\n\t\t\t\t\t<\/a>\n\t\t<\/div>\n\t\t\t\t<\/div>\n\t\t\t\t<\/div>\n\t\t\t\t\t<\/div>\n\t\t<\/div>\n\t\t\t\t\t\t\t<\/div>\n\t\t<\/div>\n\t\t\t\t<section class=\"elementor-section elementor-top-section elementor-element elementor-element-47380c3 elementor-section-boxed elementor-section-height-default elementor-section-height-default\" data-id=\"47380c3\" data-element_type=\"section\">\n\t\t\t\t\t\t<div class=\"elementor-container elementor-column-gap-default\">\n\t\t\t\t\t<div class=\"elementor-column elementor-col-100 elementor-top-column elementor-element elementor-element-92e902a\" data-id=\"92e902a\" data-element_type=\"column\">\n\t\t\t<div class=\"elementor-widget-wrap elementor-element-populated\">\n\t\t\t\t\t\t\t\t<div class=\"elementor-element elementor-element-d91793f elementor-widget elementor-widget-text-editor\" data-id=\"d91793f\" data-element_type=\"widget\" data-widget_type=\"text-editor.default\">\n\t\t\t\t<div class=\"elementor-widget-container\">\n\t\t\t\t\t\t\t<h2><strong>Initial Fire Safety Training<\/strong><\/h2><p>We offer comprehensive initial fire safety training, designed to make participants aware of the dangers of fire, evacuation procedures and the use of fire-fighting equipment. This training lays the foundations for effective response in the event of fire.<\/p><h2><strong>Advanced Fire Procedures Training<\/strong><\/h2><p>For safety and emergency response teams, we offer advanced training in fire procedures. This training includes practical exercises, fire simulations and realistic scenarios to enable participants to react with confidence in real-life situations.<\/p><h2><strong>Use of fire-fighting equipment<\/strong><\/h2><p>We provide in-depth training in the safe use of fire-fighting equipment such as extinguishers, sprinkler systems and fire hoses. Participants learn how to handle these tools effectively to quickly extinguish an incipient fire.<\/p><h2><strong>Evacuation and Emergency Management<\/strong><\/h2><p>This section focuses on fire evacuation procedures, emergency management and safety team coordination. Participants learn how to manage evacuations safely, communicate effectively and keep everyone safe.<\/p><h2><strong>Customized Training and Simulation Exercises<\/strong><\/h2><p>We tailor our training programs to meet your specific needs. We organize fire simulation exercises on your site so that participants can practice their skills in a familiar environment.<\/p><h2><strong>Certification and Compliance<\/strong><\/h2><p>At the end of each course, participants receive a certificate attesting to their fire safety skills. All our training courses comply with current safety standards.<\/p><p>Fire safety starts with training. To find out more about our fire training programs or to discuss your specific fire safety needs, contact our safety experts today. With SODIP SARL, make sure your staff is ready to face fire with confidence.<\/p>\t\t\t\t\t\t<\/div>\n\t\t\t\t<\/div>\n\t\t\t\t\t<\/div>\n\t\t<\/div>\n\t\t\t\t\t\t\t<\/div>\n\t\t<\/section>\n\t\t\t\t\t\t\t<\/div>","protected":false},"excerpt":{"rendered":"<p>Formation en incendie \u00c9duquer pour Pr\u00e9venir Formation en Incendie La formation en incendie est essentielle pour pr\u00e9parer votre personnel \u00e0 r\u00e9agir efficacement en cas d&#8217;incendie. Notre service de formation en incendie est organis\u00e9 en sections pour offrir une formation compl\u00e8te et cibl\u00e9e. Nous contacter Formation Initiale \u00e0 la S\u00e9curit\u00e9 Incendie Nous proposons une formation initiale [&hellip;]<\/p>","protected":false},"author":1,"featured_media":0,"parent":6374,"menu_order":0,"comment_status":"closed","ping_status":"closed","template":"template-homepage.php","meta":{"inline_featured_image":false,"footnotes":""},"class_list":["post-6382","page","type-page","status-publish","hentry"],"yoast_head":"<!-- This site is optimized with the Yoast SEO plugin v22.8 - https:\/\/yoast.com\/wordpress\/plugins\/seo\/ -->\n<title>Formation en incendie - SODIP SARL<\/title>\n<meta name=\"robots\" content=\"index, follow, max-snippet:-1, max-image-preview:large, max-video-preview:-1\" \/>\n<link rel=\"canonical\" href=\"https:\/\/sodip.net\/en\/epi-incendie-foam\/oformation-en-incendie\/\" \/>\n<meta property=\"og:locale\" content=\"en_GB\" \/>\n<meta property=\"og:type\" content=\"article\" \/>\n<meta property=\"og:title\" content=\"Formation en incendie - SODIP SARL\" \/>\n<meta property=\"og:description\" content=\"Formation en incendie \u00c9duquer pour Pr\u00e9venir Formation en Incendie La formation en incendie est essentielle pour pr\u00e9parer votre personnel \u00e0 r\u00e9agir efficacement en cas d&#8217;incendie. Notre service de formation en incendie est organis\u00e9 en sections pour offrir une formation compl\u00e8te et cibl\u00e9e. Nous contacter Formation Initiale \u00e0 la S\u00e9curit\u00e9 Incendie Nous proposons une formation initiale [&hellip;]\" \/>\n<meta property=\"og:url\" content=\"https:\/\/sodip.net\/en\/epi-incendie-foam\/oformation-en-incendie\/\" \/>\n<meta property=\"og:site_name\" content=\"SODIP SARL\" \/>\n<meta property=\"article:modified_time\" content=\"2024-03-04T09:37:13+00:00\" \/>\n<meta property=\"og:image\" content=\"http:\/\/source.wpopal.com\/radist\/wp-content\/uploads\/2021\/12\/h3-banner1.jpg\" \/>\n<meta name=\"twitter:card\" content=\"summary_large_image\" \/>\n<meta name=\"twitter:label1\" content=\"Estimated reading time\" \/>\n\t<meta name=\"twitter:data1\" content=\"2 minutes\" \/>\n<script type=\"application\/ld+json\" class=\"yoast-schema-graph\">{\"@context\":\"https:\/\/schema.org\",\"@graph\":[{\"@type\":\"WebPage\",\"@id\":\"https:\/\/sodip.net\/epi-incendie-foam\/oformation-en-incendie\/\",\"url\":\"https:\/\/sodip.net\/epi-incendie-foam\/oformation-en-incendie\/\",\"name\":\"Formation en incendie - SODIP SARL\",\"isPartOf\":{\"@id\":\"https:\/\/sodip.net\/en\/#website\"},\"primaryImageOfPage\":{\"@id\":\"https:\/\/sodip.net\/epi-incendie-foam\/oformation-en-incendie\/#primaryimage\"},\"image\":{\"@id\":\"https:\/\/sodip.net\/epi-incendie-foam\/oformation-en-incendie\/#primaryimage\"},\"thumbnailUrl\":\"http:\/\/source.wpopal.com\/radist\/wp-content\/uploads\/2021\/12\/h3-banner1.jpg\",\"datePublished\":\"2023-09-01T12:03:45+00:00\",\"dateModified\":\"2024-03-04T09:37:13+00:00\",\"breadcrumb\":{\"@id\":\"https:\/\/sodip.net\/epi-incendie-foam\/oformation-en-incendie\/#breadcrumb\"},\"inLanguage\":\"en-GB\",\"potentialAction\":[{\"@type\":\"ReadAction\",\"target\":[\"https:\/\/sodip.net\/epi-incendie-foam\/oformation-en-incendie\/\"]}]},{\"@type\":\"ImageObject\",\"inLanguage\":\"en-GB\",\"@id\":\"https:\/\/sodip.net\/epi-incendie-foam\/oformation-en-incendie\/#primaryimage\",\"url\":\"http:\/\/source.wpopal.com\/radist\/wp-content\/uploads\/2021\/12\/h3-banner1.jpg\",\"contentUrl\":\"http:\/\/source.wpopal.com\/radist\/wp-content\/uploads\/2021\/12\/h3-banner1.jpg\"},{\"@type\":\"BreadcrumbList\",\"@id\":\"https:\/\/sodip.net\/epi-incendie-foam\/oformation-en-incendie\/#breadcrumb\",\"itemListElement\":[{\"@type\":\"ListItem\",\"position\":1,\"name\":\"Accueil\",\"item\":\"https:\/\/sodip.net\/\"},{\"@type\":\"ListItem\",\"position\":2,\"name\":\"EPI INCENDIE FOAM\",\"item\":\"https:\/\/sodip.net\/epi-incendie-foam\/\"},{\"@type\":\"ListItem\",\"position\":3,\"name\":\"Formation en incendie\"}]},{\"@type\":\"WebSite\",\"@id\":\"https:\/\/sodip.net\/en\/#website\",\"url\":\"https:\/\/sodip.net\/en\/\",\"name\":\"SODIP SARL\",\"description\":\"Soci\u00e9t\u00e9 d&#039;ing\u00e9nierie et de production\",\"publisher\":{\"@id\":\"https:\/\/sodip.net\/en\/#organization\"},\"potentialAction\":[{\"@type\":\"SearchAction\",\"target\":{\"@type\":\"EntryPoint\",\"urlTemplate\":\"https:\/\/sodip.net\/en\/?s={search_term_string}\"},\"query-input\":\"required name=search_term_string\"}],\"inLanguage\":\"en-GB\"},{\"@type\":\"Organization\",\"@id\":\"https:\/\/sodip.net\/en\/#organization\",\"name\":\"SODIP SARL\",\"url\":\"https:\/\/sodip.net\/en\/\",\"logo\":{\"@type\":\"ImageObject\",\"inLanguage\":\"en-GB\",\"@id\":\"https:\/\/sodip.net\/en\/#\/schema\/logo\/image\/\",\"url\":\"https:\/\/sodip.net\/wp-content\/uploads\/2023\/09\/cropped-logo-1.png\",\"contentUrl\":\"https:\/\/sodip.net\/wp-content\/uploads\/2023\/09\/cropped-logo-1.png\",\"width\":825,\"height\":213,\"caption\":\"SODIP SARL\"},\"image\":{\"@id\":\"https:\/\/sodip.net\/en\/#\/schema\/logo\/image\/\"}}]}<\/script>\n<!-- \/ Yoast SEO plugin. -->","yoast_head_json":{"title":"Formation en incendie - SODIP SARL","robots":{"index":"index","follow":"follow","max-snippet":"max-snippet:-1","max-image-preview":"max-image-preview:large","max-video-preview":"max-video-preview:-1"},"canonical":"https:\/\/sodip.net\/en\/epi-incendie-foam\/oformation-en-incendie\/","og_locale":"en_GB","og_type":"article","og_title":"Formation en incendie - SODIP SARL","og_description":"Formation en incendie \u00c9duquer pour Pr\u00e9venir Formation en Incendie La formation en incendie est essentielle pour pr\u00e9parer votre personnel \u00e0 r\u00e9agir efficacement en cas d&#8217;incendie. Notre service de formation en incendie est organis\u00e9 en sections pour offrir une formation compl\u00e8te et cibl\u00e9e. Nous contacter Formation Initiale \u00e0 la S\u00e9curit\u00e9 Incendie Nous proposons une formation initiale [&hellip;]","og_url":"https:\/\/sodip.net\/en\/epi-incendie-foam\/oformation-en-incendie\/","og_site_name":"SODIP SARL","article_modified_time":"2024-03-04T09:37:13+00:00","og_image":[{"url":"http:\/\/source.wpopal.com\/radist\/wp-content\/uploads\/2021\/12\/h3-banner1.jpg"}],"twitter_card":"summary_large_image","twitter_misc":{"Estimated reading time":"2 minutes"},"schema":{"@context":"https:\/\/schema.org","@graph":[{"@type":"WebPage","@id":"https:\/\/sodip.net\/epi-incendie-foam\/oformation-en-incendie\/","url":"https:\/\/sodip.net\/epi-incendie-foam\/oformation-en-incendie\/","name":"Formation en incendie - SODIP SARL","isPartOf":{"@id":"https:\/\/sodip.net\/en\/#website"},"primaryImageOfPage":{"@id":"https:\/\/sodip.net\/epi-incendie-foam\/oformation-en-incendie\/#primaryimage"},"image":{"@id":"https:\/\/sodip.net\/epi-incendie-foam\/oformation-en-incendie\/#primaryimage"},"thumbnailUrl":"http:\/\/source.wpopal.com\/radist\/wp-content\/uploads\/2021\/12\/h3-banner1.jpg","datePublished":"2023-09-01T12:03:45+00:00","dateModified":"2024-03-04T09:37:13+00:00","breadcrumb":{"@id":"https:\/\/sodip.net\/epi-incendie-foam\/oformation-en-incendie\/#breadcrumb"},"inLanguage":"en-GB","potentialAction":[{"@type":"ReadAction","target":["https:\/\/sodip.net\/epi-incendie-foam\/oformation-en-incendie\/"]}]},{"@type":"ImageObject","inLanguage":"en-GB","@id":"https:\/\/sodip.net\/epi-incendie-foam\/oformation-en-incendie\/#primaryimage","url":"http:\/\/source.wpopal.com\/radist\/wp-content\/uploads\/2021\/12\/h3-banner1.jpg","contentUrl":"http:\/\/source.wpopal.com\/radist\/wp-content\/uploads\/2021\/12\/h3-banner1.jpg"},{"@type":"BreadcrumbList","@id":"https:\/\/sodip.net\/epi-incendie-foam\/oformation-en-incendie\/#breadcrumb","itemListElement":[{"@type":"ListItem","position":1,"name":"Accueil","item":"https:\/\/sodip.net\/"},{"@type":"ListItem","position":2,"name":"EPI INCENDIE FOAM","item":"https:\/\/sodip.net\/epi-incendie-foam\/"},{"@type":"ListItem","position":3,"name":"Formation en incendie"}]},{"@type":"WebSite","@id":"https:\/\/sodip.net\/en\/#website","url":"https:\/\/sodip.net\/en\/","name":"SODIP SARL","description":"Soci\u00e9t\u00e9 d&#039;ing\u00e9nierie et de production","publisher":{"@id":"https:\/\/sodip.net\/en\/#organization"},"potentialAction":[{"@type":"SearchAction","target":{"@type":"EntryPoint","urlTemplate":"https:\/\/sodip.net\/en\/?s={search_term_string}"},"query-input":"required name=search_term_string"}],"inLanguage":"en-GB"},{"@type":"Organization","@id":"https:\/\/sodip.net\/en\/#organization","name":"SODIP SARL","url":"https:\/\/sodip.net\/en\/","logo":{"@type":"ImageObject","inLanguage":"en-GB","@id":"https:\/\/sodip.net\/en\/#\/schema\/logo\/image\/","url":"https:\/\/sodip.net\/wp-content\/uploads\/2023\/09\/cropped-logo-1.png","contentUrl":"https:\/\/sodip.net\/wp-content\/uploads\/2023\/09\/cropped-logo-1.png","width":825,"height":213,"caption":"SODIP SARL"},"image":{"@id":"https:\/\/sodip.net\/en\/#\/schema\/logo\/image\/"}}]}},"_links":{"self":[{"href":"https:\/\/sodip.net\/en\/wp-json\/wp\/v2\/pages\/6382","targetHints":{"allow":["GET"]}}],"collection":[{"href":"https:\/\/sodip.net\/en\/wp-json\/wp\/v2\/pages"}],"about":[{"href":"https:\/\/sodip.net\/en\/wp-json\/wp\/v2\/types\/page"}],"author":[{"embeddable":true,"href":"https:\/\/sodip.net\/en\/wp-json\/wp\/v2\/users\/1"}],"replies":[{"embeddable":true,"href":"https:\/\/sodip.net\/en\/wp-json\/wp\/v2\/comments?post=6382"}],"version-history":[{"count":26,"href":"https:\/\/sodip.net\/en\/wp-json\/wp\/v2\/pages\/6382\/revisions"}],"predecessor-version":[{"id":8176,"href":"https:\/\/sodip.net\/en\/wp-json\/wp\/v2\/pages\/6382\/revisions\/8176"}],"up":[{"embeddable":true,"href":"https:\/\/sodip.net\/en\/wp-json\/wp\/v2\/pages\/6374"}],"wp:attachment":[{"href":"https:\/\/sodip.net\/en\/wp-json\/wp\/v2\/media?parent=6382"}],"curies":[{"name":"wp","href":"https:\/\/api.w.org\/{rel}","templated":true}]}}