{"id":6380,"date":"2023-09-01T14:02:46","date_gmt":"2023-09-01T12:02:46","guid":{"rendered":"https:\/\/sodip.net\/?page_id=6380"},"modified":"2024-03-04T10:38:07","modified_gmt":"2024-03-04T09:38:07","slug":"inspection-maintenance-et-vente-des-materiels-et-equipements-dincendie","status":"publish","type":"page","link":"https:\/\/sodip.net\/en\/epi-incendie-foam\/inspection-maintenance-et-vente-des-materiels-et-equipements-dincendie\/","title":{"rendered":"Inspection, maintenance and sales of fire-fighting materials and equipment"},"content":{"rendered":"<div data-elementor-type=\"wp-page\" data-elementor-id=\"6380\" class=\"elementor elementor-6380\">\n\t\t\t\t\t\t\t\t\t<div class=\"elementor-section elementor-top-section elementor-element elementor-element-26df1db elementor-section-full_width elementor-section-stretched elementor-section-height-default elementor-section-height-default\" data-id=\"26df1db\" data-element_type=\"section\" data-settings=\"{&quot;stretch_section&quot;:&quot;section-stretched&quot;,&quot;background_background&quot;:&quot;classic&quot;}\">\n\t\t\t\t\t\t\t<div class=\"elementor-background-overlay\"><\/div>\n\t\t\t\t\t\t\t<div class=\"elementor-container elementor-column-gap-no\">\n\t\t\t\t\t<div class=\"elementor-column elementor-col-100 elementor-top-column elementor-element elementor-element-0a090a8\" data-id=\"0a090a8\" data-element_type=\"column\">\n\t\t\t<div class=\"elementor-widget-wrap elementor-element-populated\">\n\t\t\t\t\t\t\t\t<div class=\"elementor-element elementor-element-a50b403 elementor-widget elementor-widget-page-title\" data-id=\"a50b403\" data-element_type=\"widget\" data-settings=\"{&quot;align&quot;:&quot;center&quot;}\" data-widget_type=\"page-title.default\">\n\t\t\t\t<div class=\"elementor-widget-container\">\n\t\t\t\t\t\n\t\t<div class=\"hfe-page-title hfe-page-title-wrapper elementor-widget-heading\">\n\n\t\t\t\t\t\t\t\t\t\t\t<a href=\"https:\/\/sodip.net\/en\">\n\t\t\t\t\t\t<h1 class=\"elementor-heading-title elementor-size-default\">\n\t\t\t\t\t\t\t\t\n\t\t\t\tInspection, maintenance and sales of fire-fighting materials and equipment  \n\t\t\t<\/h1> \n\t\t\t\t\t\t\t\t\t<\/a>\n\t\t\t\t\t<\/div>\n\t\t\t\t<\/div>\n\t\t\t\t<\/div>\n\t\t\t\t\t<\/div>\n\t\t<\/div>\n\t\t\t\t\t\t\t<\/div>\n\t\t<\/div>\n\t\t\t\t<div class=\"elementor-section elementor-top-section elementor-element elementor-element-343bb04 elementor-section-content-middle elementor-section-stretched elementor-section-boxed elementor-section-height-default elementor-section-height-default\" data-id=\"343bb04\" data-element_type=\"section\" data-settings=\"{&quot;stretch_section&quot;:&quot;section-stretched&quot;}\">\n\t\t\t\t\t\t<div class=\"elementor-container elementor-column-gap-no\">\n\t\t\t\t\t<div class=\"elementor-column elementor-col-33 elementor-top-column elementor-element elementor-element-8f8a796 elementor-hidden-tablet elementor-hidden-mobile\" data-id=\"8f8a796\" data-element_type=\"column\">\n\t\t\t<div class=\"elementor-widget-wrap elementor-element-populated\">\n\t\t\t\t\t\t\t\t<div class=\"elementor-element elementor-element-cf949de elementor-widget elementor-widget-image\" data-id=\"cf949de\" data-element_type=\"widget\" data-widget_type=\"image.default\">\n\t\t\t\t<div class=\"elementor-widget-container\">\n\t\t\t<style>\/*! elementor - v3.15.0 - 20-08-2023 *\/\n.elementor-widget-image{text-align:center}.elementor-widget-image a{display:inline-block}.elementor-widget-image a img[src$=\".svg\"]{width:48px}.elementor-widget-image img{vertical-align:middle;display:inline-block}<\/style>\t\t\t\t\t\t\t\t\t\t\t\t<img loading=\"lazy\" decoding=\"async\" width=\"800\" height=\"1019\" src=\"https:\/\/sodip.net\/wp-content\/uploads\/2023\/09\/produits_incendie.jpeg\" class=\"attachment-large size-large wp-image-7376\" alt=\"\" srcset=\"https:\/\/sodip.net\/wp-content\/uploads\/2023\/09\/produits_incendie.jpeg 800w, https:\/\/sodip.net\/wp-content\/uploads\/2023\/09\/produits_incendie-236x300.jpeg 236w, https:\/\/sodip.net\/wp-content\/uploads\/2023\/09\/produits_incendie-768x978.jpeg 768w, https:\/\/sodip.net\/wp-content\/uploads\/2023\/09\/produits_incendie-630x802.jpeg 630w, https:\/\/sodip.net\/wp-content\/uploads\/2023\/09\/produits_incendie-450x573.jpeg 450w\" sizes=\"auto, (max-width: 800px) 100vw, 800px\" \/>\t\t\t\t\t\t\t\t\t\t\t\t\t\t\t<\/div>\n\t\t\t\t<\/div>\n\t\t\t\t\t<\/div>\n\t\t<\/div>\n\t\t\t\t<div class=\"elementor-column elementor-col-66 elementor-top-column elementor-element elementor-element-3ca7410\" data-id=\"3ca7410\" data-element_type=\"column\" data-settings=\"{&quot;background_background&quot;:&quot;classic&quot;}\">\n\t\t\t<div class=\"elementor-widget-wrap elementor-element-populated\">\n\t\t\t\t\t\t\t\t<div class=\"elementor-element elementor-element-f3f1890 elementor-widget elementor-widget-heading\" data-id=\"f3f1890\" data-element_type=\"widget\" data-widget_type=\"heading.default\">\n\t\t\t\t<div class=\"elementor-widget-container\">\n\t\t\t<style>\/*! elementor - v3.15.0 - 20-08-2023 *\/\n.elementor-heading-title{padding:0;margin:0;line-height:1}.elementor-widget-heading .elementor-heading-title[class*=elementor-size-]>a{color:inherit;font-size:inherit;line-height:inherit}.elementor-widget-heading .elementor-heading-title.elementor-size-small{font-size:15px}.elementor-widget-heading .elementor-heading-title.elementor-size-medium{font-size:19px}.elementor-widget-heading .elementor-heading-title.elementor-size-large{font-size:29px}.elementor-widget-heading .elementor-heading-title.elementor-size-xl{font-size:39px}.elementor-widget-heading .elementor-heading-title.elementor-size-xxl{font-size:59px}<\/style><h2 class=\"elementor-heading-title elementor-size-default\">Guaranteeing Your Fire Safety Preparedness<\/h2>\t\t<\/div>\n\t\t\t\t<\/div>\n\t\t\t\t<div class=\"elementor-element elementor-element-8d3fa08 elementor-widget elementor-widget-heading\" data-id=\"8d3fa08\" data-element_type=\"widget\" data-widget_type=\"heading.default\">\n\t\t\t\t<div class=\"elementor-widget-container\">\n\t\t\t<h2 class=\"elementor-heading-title elementor-size-default\">Inspection, Maintenance and Sales of Fire Fighting Materials and Equipment<\/h2>\t\t<\/div>\n\t\t\t\t<\/div>\n\t\t\t\t<div class=\"elementor-element elementor-element-002964f elementor-widget elementor-widget-text-editor\" data-id=\"002964f\" data-element_type=\"widget\" data-widget_type=\"text-editor.default\">\n\t\t\t\t<div class=\"elementor-widget-container\">\n\t\t\t<style>\/*! elementor - v3.15.0 - 20-08-2023 *\/\n.elementor-widget-text-editor.elementor-drop-cap-view-stacked .elementor-drop-cap{background-color:#69727d;color:#fff}.elementor-widget-text-editor.elementor-drop-cap-view-framed .elementor-drop-cap{color:#69727d;border:3px solid;background-color:transparent}.elementor-widget-text-editor:not(.elementor-drop-cap-view-default) .elementor-drop-cap{margin-top:8px}.elementor-widget-text-editor:not(.elementor-drop-cap-view-default) .elementor-drop-cap-letter{width:1em;height:1em}.elementor-widget-text-editor .elementor-drop-cap{float:left;text-align:center;line-height:1;font-size:50px}.elementor-widget-text-editor .elementor-drop-cap-letter{display:inline-block}<\/style>\t\t\t\t<p>We understand the crucial importance of having firefighting equipment and materials in perfect working order to protect your personnel and property. Our comprehensive service is organized into sections to cover all aspects of inspection, maintenance and sales of this vital equipment.<\/p>\t\t\t\t\t\t<\/div>\n\t\t\t\t<\/div>\n\t\t\t\t<div class=\"elementor-element elementor-element-c6ec753 elementor-align-left elementor-widget elementor-widget-button\" data-id=\"c6ec753\" data-element_type=\"widget\" data-widget_type=\"button.default\">\n\t\t\t\t<div class=\"elementor-widget-container\">\n\t\t\t\t\t<div class=\"elementor-button-wrapper\">\n\t\t\t<a class=\"elementor-button elementor-button-link elementor-size-sm\" href=\"https:\/\/sodip.net\/en\/contact-us\/\">\n\t\t\t\t\t\t<span class=\"elementor-button-content-wrapper\">\n\t\t\t\t\t\t<span class=\"elementor-button-icon elementor-align-icon-right\">\n\t\t\t\t<i aria-hidden=\"true\" class=\"radist-icon- radist-icon-circle-arrow-right\"><\/i>\t\t\t<\/span>\n\t\t\t\t\t\t<span class=\"elementor-button-text\">Contact us<\/span>\n\t\t<\/span>\n\t\t\t\t\t<\/a>\n\t\t<\/div>\n\t\t\t\t<\/div>\n\t\t\t\t<\/div>\n\t\t\t\t\t<\/div>\n\t\t<\/div>\n\t\t\t\t\t\t\t<\/div>\n\t\t<\/div>\n\t\t\t\t<section class=\"elementor-section elementor-top-section elementor-element elementor-element-a6b8ced elementor-section-boxed elementor-section-height-default elementor-section-height-default\" data-id=\"a6b8ced\" data-element_type=\"section\">\n\t\t\t\t\t\t<div class=\"elementor-container elementor-column-gap-default\">\n\t\t\t\t\t<div class=\"elementor-column elementor-col-100 elementor-top-column elementor-element elementor-element-b8a8a4e\" data-id=\"b8a8a4e\" data-element_type=\"column\">\n\t\t\t<div class=\"elementor-widget-wrap elementor-element-populated\">\n\t\t\t\t\t\t\t\t<div class=\"elementor-element elementor-element-a980cd2 elementor-widget elementor-widget-text-editor\" data-id=\"a980cd2\" data-element_type=\"widget\" data-widget_type=\"text-editor.default\">\n\t\t\t\t<div class=\"elementor-widget-container\">\n\t\t\t\t\t\t\t<h2><strong>Full Inspection and Compliance<\/strong><\/h2><p>We start by carrying out a complete inspection of all your fire-fighting equipment. Our qualified team examines every component to ensure compliance with current safety standards. We make sure everything is ready for use in the event of a fire.<\/p><h2><strong>Preventive Maintenance and Repairs<\/strong><\/h2><p>Preventive maintenance is essential to ensure that your fire-fighting equipment operates reliably. We carry out maintenance operations such as lubrication, cleaning, replacement of defective parts and performance tests to ensure that they are in good working order.<\/p><h2><strong>Quality Fire Equipment Sales<\/strong><\/h2><p>We offer a complete range of high-quality fire equipment, from extinguishers to automatic fire suppression systems. Our products are carefully selected for their performance and reliability, guaranteeing your safety in the event of fire.<\/p><h2><strong>\u00a0Certification et Conformit\u00e9 R\u00e9glementaire<\/strong><\/h2><p>All inspection and maintenance work is documented and certified in accordance with current regulations. You will receive detailed reports attesting to the conformity of your fire-fighting materials and equipment.<\/p><h2><strong>Personalized Service and Expert Advice<\/strong><\/h2><p>We understand that every site has unique fire safety needs. Our team of experts is available to provide personalized advice and recommendations to improve your fire safety preparedness.<\/p><p>Fire safety leaves no room for improvisation. To find out more about our inspection, maintenance and sales services for fire equipment, contact our safety experts today. With SODIP SARL, make sure your fire safety is in good hands.<\/p>\t\t\t\t\t\t<\/div>\n\t\t\t\t<\/div>\n\t\t\t\t\t<\/div>\n\t\t<\/div>\n\t\t\t\t\t\t\t<\/div>\n\t\t<\/section>\n\t\t\t\t\t\t\t<\/div>","protected":false},"excerpt":{"rendered":"<p>Inspection, maintenance et vente des mat\u00e9riels et \u00e9quipements d\u2019incendie Garantir Votre Pr\u00e9paration \u00e0 la S\u00e9curit\u00e9 Incendie Inspection, Maintenance et Vente des Mat\u00e9riels et \u00c9quipements d&#8217;Incendie Nous comprenons l&#8217;importance cruciale de disposer de mat\u00e9riels et d&#8217;\u00e9quipements d&#8217;incendie en parfait \u00e9tat de fonctionnement pour prot\u00e9ger votre personnel et vos biens. Notre service complet est organis\u00e9 en sections [&hellip;]<\/p>","protected":false},"author":1,"featured_media":0,"parent":6374,"menu_order":0,"comment_status":"closed","ping_status":"closed","template":"template-homepage.php","meta":{"inline_featured_image":false,"footnotes":""},"class_list":["post-6380","page","type-page","status-publish","hentry"],"yoast_head":"<!-- This site is optimized with the Yoast SEO plugin v22.8 - https:\/\/yoast.com\/wordpress\/plugins\/seo\/ -->\n<title>Inspection, maintenance et vente des mat\u00e9riels et \u00e9quipements d\u2019incendie - SODIP SARL<\/title>\n<meta name=\"robots\" content=\"index, follow, max-snippet:-1, max-image-preview:large, max-video-preview:-1\" \/>\n<link rel=\"canonical\" href=\"https:\/\/sodip.net\/en\/epi-incendie-foam\/inspection-maintenance-et-vente-des-materiels-et-equipements-dincendie\/\" \/>\n<meta property=\"og:locale\" content=\"en_GB\" \/>\n<meta property=\"og:type\" content=\"article\" \/>\n<meta property=\"og:title\" content=\"Inspection, maintenance et vente des mat\u00e9riels et \u00e9quipements d\u2019incendie - SODIP SARL\" \/>\n<meta property=\"og:description\" content=\"Inspection, maintenance et vente des mat\u00e9riels et \u00e9quipements d\u2019incendie Garantir Votre Pr\u00e9paration \u00e0 la S\u00e9curit\u00e9 Incendie Inspection, Maintenance et Vente des Mat\u00e9riels et \u00c9quipements d&#8217;Incendie Nous comprenons l&#8217;importance cruciale de disposer de mat\u00e9riels et d&#8217;\u00e9quipements d&#8217;incendie en parfait \u00e9tat de fonctionnement pour prot\u00e9ger votre personnel et vos biens. Notre service complet est organis\u00e9 en sections [&hellip;]\" \/>\n<meta property=\"og:url\" content=\"https:\/\/sodip.net\/en\/epi-incendie-foam\/inspection-maintenance-et-vente-des-materiels-et-equipements-dincendie\/\" \/>\n<meta property=\"og:site_name\" content=\"SODIP SARL\" \/>\n<meta property=\"article:modified_time\" content=\"2024-03-04T09:38:07+00:00\" \/>\n<meta property=\"og:image\" content=\"https:\/\/sodip.net\/wp-content\/uploads\/2023\/09\/produits_incendie.jpeg\" \/>\n<meta name=\"twitter:card\" content=\"summary_large_image\" \/>\n<meta name=\"twitter:label1\" content=\"Estimated reading time\" \/>\n\t<meta name=\"twitter:data1\" content=\"2 minutes\" \/>\n<script type=\"application\/ld+json\" class=\"yoast-schema-graph\">{\"@context\":\"https:\/\/schema.org\",\"@graph\":[{\"@type\":\"WebPage\",\"@id\":\"https:\/\/sodip.net\/epi-incendie-foam\/inspection-maintenance-et-vente-des-materiels-et-equipements-dincendie\/\",\"url\":\"https:\/\/sodip.net\/epi-incendie-foam\/inspection-maintenance-et-vente-des-materiels-et-equipements-dincendie\/\",\"name\":\"Inspection, maintenance et vente des mat\u00e9riels et \u00e9quipements d\u2019incendie - SODIP SARL\",\"isPartOf\":{\"@id\":\"https:\/\/sodip.net\/en\/#website\"},\"primaryImageOfPage\":{\"@id\":\"https:\/\/sodip.net\/epi-incendie-foam\/inspection-maintenance-et-vente-des-materiels-et-equipements-dincendie\/#primaryimage\"},\"image\":{\"@id\":\"https:\/\/sodip.net\/epi-incendie-foam\/inspection-maintenance-et-vente-des-materiels-et-equipements-dincendie\/#primaryimage\"},\"thumbnailUrl\":\"https:\/\/sodip.net\/wp-content\/uploads\/2023\/09\/produits_incendie.jpeg\",\"datePublished\":\"2023-09-01T12:02:46+00:00\",\"dateModified\":\"2024-03-04T09:38:07+00:00\",\"breadcrumb\":{\"@id\":\"https:\/\/sodip.net\/epi-incendie-foam\/inspection-maintenance-et-vente-des-materiels-et-equipements-dincendie\/#breadcrumb\"},\"inLanguage\":\"en-GB\",\"potentialAction\":[{\"@type\":\"ReadAction\",\"target\":[\"https:\/\/sodip.net\/epi-incendie-foam\/inspection-maintenance-et-vente-des-materiels-et-equipements-dincendie\/\"]}]},{\"@type\":\"ImageObject\",\"inLanguage\":\"en-GB\",\"@id\":\"https:\/\/sodip.net\/epi-incendie-foam\/inspection-maintenance-et-vente-des-materiels-et-equipements-dincendie\/#primaryimage\",\"url\":\"https:\/\/sodip.net\/wp-content\/uploads\/2023\/09\/produits_incendie.jpeg\",\"contentUrl\":\"https:\/\/sodip.net\/wp-content\/uploads\/2023\/09\/produits_incendie.jpeg\"},{\"@type\":\"BreadcrumbList\",\"@id\":\"https:\/\/sodip.net\/epi-incendie-foam\/inspection-maintenance-et-vente-des-materiels-et-equipements-dincendie\/#breadcrumb\",\"itemListElement\":[{\"@type\":\"ListItem\",\"position\":1,\"name\":\"Accueil\",\"item\":\"https:\/\/sodip.net\/\"},{\"@type\":\"ListItem\",\"position\":2,\"name\":\"EPI INCENDIE FOAM\",\"item\":\"https:\/\/sodip.net\/epi-incendie-foam\/\"},{\"@type\":\"ListItem\",\"position\":3,\"name\":\"Inspection, maintenance et vente des mat\u00e9riels et \u00e9quipements d\u2019incendie\"}]},{\"@type\":\"WebSite\",\"@id\":\"https:\/\/sodip.net\/en\/#website\",\"url\":\"https:\/\/sodip.net\/en\/\",\"name\":\"SODIP SARL\",\"description\":\"Soci\u00e9t\u00e9 d&#039;ing\u00e9nierie et de production\",\"publisher\":{\"@id\":\"https:\/\/sodip.net\/en\/#organization\"},\"potentialAction\":[{\"@type\":\"SearchAction\",\"target\":{\"@type\":\"EntryPoint\",\"urlTemplate\":\"https:\/\/sodip.net\/en\/?s={search_term_string}\"},\"query-input\":\"required name=search_term_string\"}],\"inLanguage\":\"en-GB\"},{\"@type\":\"Organization\",\"@id\":\"https:\/\/sodip.net\/en\/#organization\",\"name\":\"SODIP SARL\",\"url\":\"https:\/\/sodip.net\/en\/\",\"logo\":{\"@type\":\"ImageObject\",\"inLanguage\":\"en-GB\",\"@id\":\"https:\/\/sodip.net\/en\/#\/schema\/logo\/image\/\",\"url\":\"https:\/\/sodip.net\/wp-content\/uploads\/2023\/09\/cropped-logo-1.png\",\"contentUrl\":\"https:\/\/sodip.net\/wp-content\/uploads\/2023\/09\/cropped-logo-1.png\",\"width\":825,\"height\":213,\"caption\":\"SODIP SARL\"},\"image\":{\"@id\":\"https:\/\/sodip.net\/en\/#\/schema\/logo\/image\/\"}}]}<\/script>\n<!-- \/ Yoast SEO plugin. -->","yoast_head_json":{"title":"Inspection, maintenance et vente des mat\u00e9riels et \u00e9quipements d\u2019incendie - SODIP SARL","robots":{"index":"index","follow":"follow","max-snippet":"max-snippet:-1","max-image-preview":"max-image-preview:large","max-video-preview":"max-video-preview:-1"},"canonical":"https:\/\/sodip.net\/en\/epi-incendie-foam\/inspection-maintenance-et-vente-des-materiels-et-equipements-dincendie\/","og_locale":"en_GB","og_type":"article","og_title":"Inspection, maintenance et vente des mat\u00e9riels et \u00e9quipements d\u2019incendie - SODIP SARL","og_description":"Inspection, maintenance et vente des mat\u00e9riels et \u00e9quipements d\u2019incendie Garantir Votre Pr\u00e9paration \u00e0 la S\u00e9curit\u00e9 Incendie Inspection, Maintenance et Vente des Mat\u00e9riels et \u00c9quipements d&#8217;Incendie Nous comprenons l&#8217;importance cruciale de disposer de mat\u00e9riels et d&#8217;\u00e9quipements d&#8217;incendie en parfait \u00e9tat de fonctionnement pour prot\u00e9ger votre personnel et vos biens. Notre service complet est organis\u00e9 en sections [&hellip;]","og_url":"https:\/\/sodip.net\/en\/epi-incendie-foam\/inspection-maintenance-et-vente-des-materiels-et-equipements-dincendie\/","og_site_name":"SODIP SARL","article_modified_time":"2024-03-04T09:38:07+00:00","og_image":[{"url":"https:\/\/sodip.net\/wp-content\/uploads\/2023\/09\/produits_incendie.jpeg"}],"twitter_card":"summary_large_image","twitter_misc":{"Estimated reading time":"2 minutes"},"schema":{"@context":"https:\/\/schema.org","@graph":[{"@type":"WebPage","@id":"https:\/\/sodip.net\/epi-incendie-foam\/inspection-maintenance-et-vente-des-materiels-et-equipements-dincendie\/","url":"https:\/\/sodip.net\/epi-incendie-foam\/inspection-maintenance-et-vente-des-materiels-et-equipements-dincendie\/","name":"Inspection, maintenance et vente des mat\u00e9riels et \u00e9quipements d\u2019incendie - SODIP SARL","isPartOf":{"@id":"https:\/\/sodip.net\/en\/#website"},"primaryImageOfPage":{"@id":"https:\/\/sodip.net\/epi-incendie-foam\/inspection-maintenance-et-vente-des-materiels-et-equipements-dincendie\/#primaryimage"},"image":{"@id":"https:\/\/sodip.net\/epi-incendie-foam\/inspection-maintenance-et-vente-des-materiels-et-equipements-dincendie\/#primaryimage"},"thumbnailUrl":"https:\/\/sodip.net\/wp-content\/uploads\/2023\/09\/produits_incendie.jpeg","datePublished":"2023-09-01T12:02:46+00:00","dateModified":"2024-03-04T09:38:07+00:00","breadcrumb":{"@id":"https:\/\/sodip.net\/epi-incendie-foam\/inspection-maintenance-et-vente-des-materiels-et-equipements-dincendie\/#breadcrumb"},"inLanguage":"en-GB","potentialAction":[{"@type":"ReadAction","target":["https:\/\/sodip.net\/epi-incendie-foam\/inspection-maintenance-et-vente-des-materiels-et-equipements-dincendie\/"]}]},{"@type":"ImageObject","inLanguage":"en-GB","@id":"https:\/\/sodip.net\/epi-incendie-foam\/inspection-maintenance-et-vente-des-materiels-et-equipements-dincendie\/#primaryimage","url":"https:\/\/sodip.net\/wp-content\/uploads\/2023\/09\/produits_incendie.jpeg","contentUrl":"https:\/\/sodip.net\/wp-content\/uploads\/2023\/09\/produits_incendie.jpeg"},{"@type":"BreadcrumbList","@id":"https:\/\/sodip.net\/epi-incendie-foam\/inspection-maintenance-et-vente-des-materiels-et-equipements-dincendie\/#breadcrumb","itemListElement":[{"@type":"ListItem","position":1,"name":"Accueil","item":"https:\/\/sodip.net\/"},{"@type":"ListItem","position":2,"name":"EPI INCENDIE FOAM","item":"https:\/\/sodip.net\/epi-incendie-foam\/"},{"@type":"ListItem","position":3,"name":"Inspection, maintenance et vente des mat\u00e9riels et \u00e9quipements d\u2019incendie"}]},{"@type":"WebSite","@id":"https:\/\/sodip.net\/en\/#website","url":"https:\/\/sodip.net\/en\/","name":"SODIP SARL","description":"Soci\u00e9t\u00e9 d&#039;ing\u00e9nierie et de production","publisher":{"@id":"https:\/\/sodip.net\/en\/#organization"},"potentialAction":[{"@type":"SearchAction","target":{"@type":"EntryPoint","urlTemplate":"https:\/\/sodip.net\/en\/?s={search_term_string}"},"query-input":"required name=search_term_string"}],"inLanguage":"en-GB"},{"@type":"Organization","@id":"https:\/\/sodip.net\/en\/#organization","name":"SODIP SARL","url":"https:\/\/sodip.net\/en\/","logo":{"@type":"ImageObject","inLanguage":"en-GB","@id":"https:\/\/sodip.net\/en\/#\/schema\/logo\/image\/","url":"https:\/\/sodip.net\/wp-content\/uploads\/2023\/09\/cropped-logo-1.png","contentUrl":"https:\/\/sodip.net\/wp-content\/uploads\/2023\/09\/cropped-logo-1.png","width":825,"height":213,"caption":"SODIP SARL"},"image":{"@id":"https:\/\/sodip.net\/en\/#\/schema\/logo\/image\/"}}]}},"_links":{"self":[{"href":"https:\/\/sodip.net\/en\/wp-json\/wp\/v2\/pages\/6380","targetHints":{"allow":["GET"]}}],"collection":[{"href":"https:\/\/sodip.net\/en\/wp-json\/wp\/v2\/pages"}],"about":[{"href":"https:\/\/sodip.net\/en\/wp-json\/wp\/v2\/types\/page"}],"author":[{"embeddable":true,"href":"https:\/\/sodip.net\/en\/wp-json\/wp\/v2\/users\/1"}],"replies":[{"embeddable":true,"href":"https:\/\/sodip.net\/en\/wp-json\/wp\/v2\/comments?post=6380"}],"version-history":[{"count":25,"href":"https:\/\/sodip.net\/en\/wp-json\/wp\/v2\/pages\/6380\/revisions"}],"predecessor-version":[{"id":8179,"href":"https:\/\/sodip.net\/en\/wp-json\/wp\/v2\/pages\/6380\/revisions\/8179"}],"up":[{"embeddable":true,"href":"https:\/\/sodip.net\/en\/wp-json\/wp\/v2\/pages\/6374"}],"wp:attachment":[{"href":"https:\/\/sodip.net\/en\/wp-json\/wp\/v2\/media?parent=6380"}],"curies":[{"name":"wp","href":"https:\/\/api.w.org\/{rel}","templated":true}]}}