{"id":6378,"date":"2023-09-01T14:02:13","date_gmt":"2023-09-01T12:02:13","guid":{"rendered":"https:\/\/sodip.net\/?page_id=6378"},"modified":"2024-03-04T10:40:17","modified_gmt":"2024-03-04T09:40:17","slug":"etude-conception-installation-des-systemes-de-securite-incendie","status":"publish","type":"page","link":"https:\/\/sodip.net\/en\/epi-incendie-foam\/etude-conception-installation-des-systemes-de-securite-incendie\/","title":{"rendered":"Study, design and installation of fire safety systems"},"content":{"rendered":"<div data-elementor-type=\"wp-page\" data-elementor-id=\"6378\" class=\"elementor elementor-6378\">\n\t\t\t\t\t\t\t\t\t<div class=\"elementor-section elementor-top-section elementor-element elementor-element-26df1db elementor-section-full_width elementor-section-stretched elementor-section-height-default elementor-section-height-default\" data-id=\"26df1db\" data-element_type=\"section\" data-settings=\"{&quot;stretch_section&quot;:&quot;section-stretched&quot;,&quot;background_background&quot;:&quot;classic&quot;}\">\n\t\t\t\t\t\t\t<div class=\"elementor-background-overlay\"><\/div>\n\t\t\t\t\t\t\t<div class=\"elementor-container elementor-column-gap-no\">\n\t\t\t\t\t<div class=\"elementor-column elementor-col-100 elementor-top-column elementor-element elementor-element-0a090a8\" data-id=\"0a090a8\" data-element_type=\"column\">\n\t\t\t<div class=\"elementor-widget-wrap elementor-element-populated\">\n\t\t\t\t\t\t\t\t<div class=\"elementor-element elementor-element-a50b403 elementor-widget elementor-widget-page-title\" data-id=\"a50b403\" data-element_type=\"widget\" data-settings=\"{&quot;align&quot;:&quot;center&quot;}\" data-widget_type=\"page-title.default\">\n\t\t\t\t<div class=\"elementor-widget-container\">\n\t\t\t\t\t\n\t\t<div class=\"hfe-page-title hfe-page-title-wrapper elementor-widget-heading\">\n\n\t\t\t\t\t\t\t\t\t\t\t<a href=\"https:\/\/sodip.net\/en\">\n\t\t\t\t\t\t<h1 class=\"elementor-heading-title elementor-size-default\">\n\t\t\t\t\t\t\t\t\n\t\t\t\tStudy, design and installation of fire safety systems  \n\t\t\t<\/h1> \n\t\t\t\t\t\t\t\t\t<\/a>\n\t\t\t\t\t<\/div>\n\t\t\t\t<\/div>\n\t\t\t\t<\/div>\n\t\t\t\t\t<\/div>\n\t\t<\/div>\n\t\t\t\t\t\t\t<\/div>\n\t\t<\/div>\n\t\t\t\t<div class=\"elementor-section elementor-top-section elementor-element elementor-element-343bb04 elementor-section-content-middle elementor-section-stretched elementor-section-boxed elementor-section-height-default elementor-section-height-default\" data-id=\"343bb04\" data-element_type=\"section\" data-settings=\"{&quot;stretch_section&quot;:&quot;section-stretched&quot;}\">\n\t\t\t\t\t\t<div class=\"elementor-container elementor-column-gap-no\">\n\t\t\t\t\t<div class=\"elementor-column elementor-col-33 elementor-top-column elementor-element elementor-element-8f8a796 elementor-hidden-tablet elementor-hidden-mobile\" data-id=\"8f8a796\" data-element_type=\"column\">\n\t\t\t<div class=\"elementor-widget-wrap elementor-element-populated\">\n\t\t\t\t\t\t\t\t<div class=\"elementor-element elementor-element-06bfddb elementor-widget elementor-widget-image\" data-id=\"06bfddb\" data-element_type=\"widget\" data-widget_type=\"image.default\">\n\t\t\t\t<div class=\"elementor-widget-container\">\n\t\t\t<style>\/*! elementor - v3.15.0 - 20-08-2023 *\/\n.elementor-widget-image{text-align:center}.elementor-widget-image a{display:inline-block}.elementor-widget-image a img[src$=\".svg\"]{width:48px}.elementor-widget-image img{vertical-align:middle;display:inline-block}<\/style>\t\t\t\t\t\t\t\t\t\t\t\t<img loading=\"lazy\" decoding=\"async\" width=\"650\" height=\"664\" src=\"https:\/\/sodip.net\/wp-content\/uploads\/2023\/09\/ob_7e73ad_reseau-maille.jpeg\" class=\"attachment-large size-large wp-image-7387\" alt=\"\" srcset=\"https:\/\/sodip.net\/wp-content\/uploads\/2023\/09\/ob_7e73ad_reseau-maille.jpeg 650w, https:\/\/sodip.net\/wp-content\/uploads\/2023\/09\/ob_7e73ad_reseau-maille-294x300.jpeg 294w, https:\/\/sodip.net\/wp-content\/uploads\/2023\/09\/ob_7e73ad_reseau-maille-630x644.jpeg 630w, https:\/\/sodip.net\/wp-content\/uploads\/2023\/09\/ob_7e73ad_reseau-maille-450x460.jpeg 450w, https:\/\/sodip.net\/wp-content\/uploads\/2023\/09\/ob_7e73ad_reseau-maille-50x50.jpeg 50w\" sizes=\"auto, (max-width: 650px) 100vw, 650px\" \/>\t\t\t\t\t\t\t\t\t\t\t\t\t\t\t<\/div>\n\t\t\t\t<\/div>\n\t\t\t\t\t<\/div>\n\t\t<\/div>\n\t\t\t\t<div class=\"elementor-column elementor-col-66 elementor-top-column elementor-element elementor-element-3ca7410\" data-id=\"3ca7410\" data-element_type=\"column\" data-settings=\"{&quot;background_background&quot;:&quot;classic&quot;}\">\n\t\t\t<div class=\"elementor-widget-wrap elementor-element-populated\">\n\t\t\t\t\t\t\t\t<div class=\"elementor-element elementor-element-f3f1890 elementor-widget elementor-widget-heading\" data-id=\"f3f1890\" data-element_type=\"widget\" data-widget_type=\"heading.default\">\n\t\t\t\t<div class=\"elementor-widget-container\">\n\t\t\t<style>\/*! elementor - v3.15.0 - 20-08-2023 *\/\n.elementor-heading-title{padding:0;margin:0;line-height:1}.elementor-widget-heading .elementor-heading-title[class*=elementor-size-]>a{color:inherit;font-size:inherit;line-height:inherit}.elementor-widget-heading .elementor-heading-title.elementor-size-small{font-size:15px}.elementor-widget-heading .elementor-heading-title.elementor-size-medium{font-size:19px}.elementor-widget-heading .elementor-heading-title.elementor-size-large{font-size:29px}.elementor-widget-heading .elementor-heading-title.elementor-size-xl{font-size:39px}.elementor-widget-heading .elementor-heading-title.elementor-size-xxl{font-size:59px}<\/style><h2 class=\"elementor-heading-title elementor-size-default\">Your Frontline Protection<\/h2>\t\t<\/div>\n\t\t\t\t<\/div>\n\t\t\t\t<div class=\"elementor-element elementor-element-8d3fa08 elementor-widget elementor-widget-heading\" data-id=\"8d3fa08\" data-element_type=\"widget\" data-widget_type=\"heading.default\">\n\t\t\t\t<div class=\"elementor-widget-container\">\n\t\t\t<h2 class=\"elementor-heading-title elementor-size-default\">Study, Design, Installation of Fire Safety Systems<\/h2>\t\t<\/div>\n\t\t\t\t<\/div>\n\t\t\t\t<div class=\"elementor-element elementor-element-002964f elementor-widget elementor-widget-text-editor\" data-id=\"002964f\" data-element_type=\"widget\" data-widget_type=\"text-editor.default\">\n\t\t\t\t<div class=\"elementor-widget-container\">\n\t\t\t<style>\/*! elementor - v3.15.0 - 20-08-2023 *\/\n.elementor-widget-text-editor.elementor-drop-cap-view-stacked .elementor-drop-cap{background-color:#69727d;color:#fff}.elementor-widget-text-editor.elementor-drop-cap-view-framed .elementor-drop-cap{color:#69727d;border:3px solid;background-color:transparent}.elementor-widget-text-editor:not(.elementor-drop-cap-view-default) .elementor-drop-cap{margin-top:8px}.elementor-widget-text-editor:not(.elementor-drop-cap-view-default) .elementor-drop-cap-letter{width:1em;height:1em}.elementor-widget-text-editor .elementor-drop-cap{float:left;text-align:center;line-height:1;font-size:50px}.elementor-widget-text-editor .elementor-drop-cap-letter{display:inline-block}<\/style>\t\t\t\t<p>Fire safety is a top priority in any environment. Our comprehensive fire safety system planning, design and installation service is organized into sections to ensure that every aspect of your system is expertly handled.<\/p>\t\t\t\t\t\t<\/div>\n\t\t\t\t<\/div>\n\t\t\t\t<div class=\"elementor-element elementor-element-c6ec753 elementor-align-left elementor-widget elementor-widget-button\" data-id=\"c6ec753\" data-element_type=\"widget\" data-widget_type=\"button.default\">\n\t\t\t\t<div class=\"elementor-widget-container\">\n\t\t\t\t\t<div class=\"elementor-button-wrapper\">\n\t\t\t<a class=\"elementor-button elementor-button-link elementor-size-sm\" href=\"https:\/\/sodip.net\/en\/contact-us\/\">\n\t\t\t\t\t\t<span class=\"elementor-button-content-wrapper\">\n\t\t\t\t\t\t<span class=\"elementor-button-icon elementor-align-icon-right\">\n\t\t\t\t<i aria-hidden=\"true\" class=\"radist-icon- radist-icon-circle-arrow-right\"><\/i>\t\t\t<\/span>\n\t\t\t\t\t\t<span class=\"elementor-button-text\">Contact us<\/span>\n\t\t<\/span>\n\t\t\t\t\t<\/a>\n\t\t<\/div>\n\t\t\t\t<\/div>\n\t\t\t\t<\/div>\n\t\t\t\t\t<\/div>\n\t\t<\/div>\n\t\t\t\t\t\t\t<\/div>\n\t\t<\/div>\n\t\t\t\t<section class=\"elementor-section elementor-top-section elementor-element elementor-element-5d83049 elementor-section-boxed elementor-section-height-default elementor-section-height-default\" data-id=\"5d83049\" data-element_type=\"section\">\n\t\t\t\t\t\t<div class=\"elementor-container elementor-column-gap-default\">\n\t\t\t\t\t<div class=\"elementor-column elementor-col-100 elementor-top-column elementor-element elementor-element-9846402\" data-id=\"9846402\" data-element_type=\"column\">\n\t\t\t<div class=\"elementor-widget-wrap elementor-element-populated\">\n\t\t\t\t\t\t\t\t<div class=\"elementor-element elementor-element-04bea46 elementor-widget elementor-widget-text-editor\" data-id=\"04bea46\" data-element_type=\"widget\" data-widget_type=\"text-editor.default\">\n\t\t\t\t<div class=\"elementor-widget-container\">\n\t\t\t\t\t\t\t<h2><strong>In-depth study of your needs<\/strong><\/h2><p>We start with a complete study of your site, its specific features and its fire safety requirements. Our team of experts analyzes potential risks and vulnerabilities to design a system tailored to your requirements.<\/p><h2><strong>Custom design of fire safety systems<\/strong><\/h2><p>Based on our study, we design a tailor-made fire safety system. This includes the selection of appropriate equipment, layout of detectors, alarms, sprinkler systems and notification devices to ensure complete coverage.<\/p><h2><strong>Professional installation<\/strong><\/h2><p>Our highly qualified installation team installs all fire safety system components in compliance with current safety standards. We ensure that every element is installed precisely to ensure system reliability.<\/p><h2><strong>Tests Rigoureux et Mise en Service<\/strong><\/h2><p>Avant la mise en service, nous effectuons des tests rigoureux de chaque composant du syst\u00e8me de s\u00e9curit\u00e9 incendie pour garantir son bon fonctionnement. Nous nous assurons que les d\u00e9tecteurs fonctionnent correctement, que les alarmes se d\u00e9clenchent \u00e0 temps et que les syst\u00e8mes d&#8217;extinction automatique sont pr\u00eats \u00e0 l&#8217;emploi.<\/p><h2><strong>Training and Awareness<\/strong><\/h2><p>We provide in-depth training for your staff so they understand how the fire safety system works and how to react in the event of a fire. Awareness is essential for effective emergency response.<\/p><h2><strong>Ongoing Maintenance and Support Services<\/strong><\/h2><p>We offer maintenance contracts to ensure the continued smooth operation of your fire safety system. Our support team is on hand to answer any questions you may have, and to intervene if necessary.<\/p><p>Fire safety is a serious responsibility, and we take it very seriously. To find out more about our fire safety system planning, design and installation services, contact our safety experts today. With SODIP SARL, be ready to face fire with confidence.<\/p>\t\t\t\t\t\t<\/div>\n\t\t\t\t<\/div>\n\t\t\t\t\t<\/div>\n\t\t<\/div>\n\t\t\t\t\t\t\t<\/div>\n\t\t<\/section>\n\t\t\t\t\t\t\t<\/div>","protected":false},"excerpt":{"rendered":"<p>Etude, conception, installation des syst\u00e8mes de s\u00e9curit\u00e9 incendie Votre Protection de Premi\u00e8re Ligne \u00c9tude, Conception, Installation des Syst\u00e8mes de S\u00e9curit\u00e9 Incendie La s\u00e9curit\u00e9 incendie est une priorit\u00e9 absolue dans tout environnement. Notre service complet d&#8217;\u00e9tude, de conception et d&#8217;installation de syst\u00e8mes de s\u00e9curit\u00e9 incendie est organis\u00e9 en sections pour garantir que chaque aspect de votre [&hellip;]<\/p>","protected":false},"author":1,"featured_media":0,"parent":6374,"menu_order":0,"comment_status":"closed","ping_status":"closed","template":"template-homepage.php","meta":{"inline_featured_image":false,"footnotes":""},"class_list":["post-6378","page","type-page","status-publish","hentry"],"yoast_head":"<!-- This site is optimized with the Yoast SEO plugin v22.8 - https:\/\/yoast.com\/wordpress\/plugins\/seo\/ -->\n<title>Etude, conception, installation des syst\u00e8mes de s\u00e9curit\u00e9 incendie - SODIP SARL<\/title>\n<meta name=\"robots\" content=\"index, follow, max-snippet:-1, max-image-preview:large, max-video-preview:-1\" \/>\n<link rel=\"canonical\" href=\"https:\/\/sodip.net\/en\/epi-incendie-foam\/etude-conception-installation-des-systemes-de-securite-incendie\/\" \/>\n<meta property=\"og:locale\" content=\"en_GB\" \/>\n<meta property=\"og:type\" content=\"article\" \/>\n<meta property=\"og:title\" content=\"Etude, conception, installation des syst\u00e8mes de s\u00e9curit\u00e9 incendie - SODIP SARL\" \/>\n<meta property=\"og:description\" content=\"Etude, conception, installation des syst\u00e8mes de s\u00e9curit\u00e9 incendie Votre Protection de Premi\u00e8re Ligne \u00c9tude, Conception, Installation des Syst\u00e8mes de S\u00e9curit\u00e9 Incendie La s\u00e9curit\u00e9 incendie est une priorit\u00e9 absolue dans tout environnement. Notre service complet d&#8217;\u00e9tude, de conception et d&#8217;installation de syst\u00e8mes de s\u00e9curit\u00e9 incendie est organis\u00e9 en sections pour garantir que chaque aspect de votre [&hellip;]\" \/>\n<meta property=\"og:url\" content=\"https:\/\/sodip.net\/en\/epi-incendie-foam\/etude-conception-installation-des-systemes-de-securite-incendie\/\" \/>\n<meta property=\"og:site_name\" content=\"SODIP SARL\" \/>\n<meta property=\"article:modified_time\" content=\"2024-03-04T09:40:17+00:00\" \/>\n<meta property=\"og:image\" content=\"https:\/\/sodip.net\/wp-content\/uploads\/2023\/09\/ob_7e73ad_reseau-maille.jpeg\" \/>\n<meta name=\"twitter:card\" content=\"summary_large_image\" \/>\n<meta name=\"twitter:label1\" content=\"Estimated reading time\" \/>\n\t<meta name=\"twitter:data1\" content=\"2 minutes\" \/>\n<script type=\"application\/ld+json\" class=\"yoast-schema-graph\">{\"@context\":\"https:\/\/schema.org\",\"@graph\":[{\"@type\":\"WebPage\",\"@id\":\"https:\/\/sodip.net\/epi-incendie-foam\/etude-conception-installation-des-systemes-de-securite-incendie\/\",\"url\":\"https:\/\/sodip.net\/epi-incendie-foam\/etude-conception-installation-des-systemes-de-securite-incendie\/\",\"name\":\"Etude, conception, installation des syst\u00e8mes de s\u00e9curit\u00e9 incendie - SODIP SARL\",\"isPartOf\":{\"@id\":\"https:\/\/sodip.net\/en\/#website\"},\"primaryImageOfPage\":{\"@id\":\"https:\/\/sodip.net\/epi-incendie-foam\/etude-conception-installation-des-systemes-de-securite-incendie\/#primaryimage\"},\"image\":{\"@id\":\"https:\/\/sodip.net\/epi-incendie-foam\/etude-conception-installation-des-systemes-de-securite-incendie\/#primaryimage\"},\"thumbnailUrl\":\"https:\/\/sodip.net\/wp-content\/uploads\/2023\/09\/ob_7e73ad_reseau-maille.jpeg\",\"datePublished\":\"2023-09-01T12:02:13+00:00\",\"dateModified\":\"2024-03-04T09:40:17+00:00\",\"breadcrumb\":{\"@id\":\"https:\/\/sodip.net\/epi-incendie-foam\/etude-conception-installation-des-systemes-de-securite-incendie\/#breadcrumb\"},\"inLanguage\":\"en-GB\",\"potentialAction\":[{\"@type\":\"ReadAction\",\"target\":[\"https:\/\/sodip.net\/epi-incendie-foam\/etude-conception-installation-des-systemes-de-securite-incendie\/\"]}]},{\"@type\":\"ImageObject\",\"inLanguage\":\"en-GB\",\"@id\":\"https:\/\/sodip.net\/epi-incendie-foam\/etude-conception-installation-des-systemes-de-securite-incendie\/#primaryimage\",\"url\":\"https:\/\/sodip.net\/wp-content\/uploads\/2023\/09\/ob_7e73ad_reseau-maille.jpeg\",\"contentUrl\":\"https:\/\/sodip.net\/wp-content\/uploads\/2023\/09\/ob_7e73ad_reseau-maille.jpeg\"},{\"@type\":\"BreadcrumbList\",\"@id\":\"https:\/\/sodip.net\/epi-incendie-foam\/etude-conception-installation-des-systemes-de-securite-incendie\/#breadcrumb\",\"itemListElement\":[{\"@type\":\"ListItem\",\"position\":1,\"name\":\"Accueil\",\"item\":\"https:\/\/sodip.net\/\"},{\"@type\":\"ListItem\",\"position\":2,\"name\":\"EPI INCENDIE FOAM\",\"item\":\"https:\/\/sodip.net\/epi-incendie-foam\/\"},{\"@type\":\"ListItem\",\"position\":3,\"name\":\"Etude, conception, installation des syst\u00e8mes de s\u00e9curit\u00e9 incendie\"}]},{\"@type\":\"WebSite\",\"@id\":\"https:\/\/sodip.net\/en\/#website\",\"url\":\"https:\/\/sodip.net\/en\/\",\"name\":\"SODIP SARL\",\"description\":\"Soci\u00e9t\u00e9 d&#039;ing\u00e9nierie et de production\",\"publisher\":{\"@id\":\"https:\/\/sodip.net\/en\/#organization\"},\"potentialAction\":[{\"@type\":\"SearchAction\",\"target\":{\"@type\":\"EntryPoint\",\"urlTemplate\":\"https:\/\/sodip.net\/en\/?s={search_term_string}\"},\"query-input\":\"required name=search_term_string\"}],\"inLanguage\":\"en-GB\"},{\"@type\":\"Organization\",\"@id\":\"https:\/\/sodip.net\/en\/#organization\",\"name\":\"SODIP SARL\",\"url\":\"https:\/\/sodip.net\/en\/\",\"logo\":{\"@type\":\"ImageObject\",\"inLanguage\":\"en-GB\",\"@id\":\"https:\/\/sodip.net\/en\/#\/schema\/logo\/image\/\",\"url\":\"https:\/\/sodip.net\/wp-content\/uploads\/2023\/09\/cropped-logo-1.png\",\"contentUrl\":\"https:\/\/sodip.net\/wp-content\/uploads\/2023\/09\/cropped-logo-1.png\",\"width\":825,\"height\":213,\"caption\":\"SODIP SARL\"},\"image\":{\"@id\":\"https:\/\/sodip.net\/en\/#\/schema\/logo\/image\/\"}}]}<\/script>\n<!-- \/ Yoast SEO plugin. -->","yoast_head_json":{"title":"Etude, conception, installation des syst\u00e8mes de s\u00e9curit\u00e9 incendie - SODIP SARL","robots":{"index":"index","follow":"follow","max-snippet":"max-snippet:-1","max-image-preview":"max-image-preview:large","max-video-preview":"max-video-preview:-1"},"canonical":"https:\/\/sodip.net\/en\/epi-incendie-foam\/etude-conception-installation-des-systemes-de-securite-incendie\/","og_locale":"en_GB","og_type":"article","og_title":"Etude, conception, installation des syst\u00e8mes de s\u00e9curit\u00e9 incendie - SODIP SARL","og_description":"Etude, conception, installation des syst\u00e8mes de s\u00e9curit\u00e9 incendie Votre Protection de Premi\u00e8re Ligne \u00c9tude, Conception, Installation des Syst\u00e8mes de S\u00e9curit\u00e9 Incendie La s\u00e9curit\u00e9 incendie est une priorit\u00e9 absolue dans tout environnement. Notre service complet d&#8217;\u00e9tude, de conception et d&#8217;installation de syst\u00e8mes de s\u00e9curit\u00e9 incendie est organis\u00e9 en sections pour garantir que chaque aspect de votre [&hellip;]","og_url":"https:\/\/sodip.net\/en\/epi-incendie-foam\/etude-conception-installation-des-systemes-de-securite-incendie\/","og_site_name":"SODIP SARL","article_modified_time":"2024-03-04T09:40:17+00:00","og_image":[{"url":"https:\/\/sodip.net\/wp-content\/uploads\/2023\/09\/ob_7e73ad_reseau-maille.jpeg"}],"twitter_card":"summary_large_image","twitter_misc":{"Estimated reading time":"2 minutes"},"schema":{"@context":"https:\/\/schema.org","@graph":[{"@type":"WebPage","@id":"https:\/\/sodip.net\/epi-incendie-foam\/etude-conception-installation-des-systemes-de-securite-incendie\/","url":"https:\/\/sodip.net\/epi-incendie-foam\/etude-conception-installation-des-systemes-de-securite-incendie\/","name":"Etude, conception, installation des syst\u00e8mes de s\u00e9curit\u00e9 incendie - SODIP SARL","isPartOf":{"@id":"https:\/\/sodip.net\/en\/#website"},"primaryImageOfPage":{"@id":"https:\/\/sodip.net\/epi-incendie-foam\/etude-conception-installation-des-systemes-de-securite-incendie\/#primaryimage"},"image":{"@id":"https:\/\/sodip.net\/epi-incendie-foam\/etude-conception-installation-des-systemes-de-securite-incendie\/#primaryimage"},"thumbnailUrl":"https:\/\/sodip.net\/wp-content\/uploads\/2023\/09\/ob_7e73ad_reseau-maille.jpeg","datePublished":"2023-09-01T12:02:13+00:00","dateModified":"2024-03-04T09:40:17+00:00","breadcrumb":{"@id":"https:\/\/sodip.net\/epi-incendie-foam\/etude-conception-installation-des-systemes-de-securite-incendie\/#breadcrumb"},"inLanguage":"en-GB","potentialAction":[{"@type":"ReadAction","target":["https:\/\/sodip.net\/epi-incendie-foam\/etude-conception-installation-des-systemes-de-securite-incendie\/"]}]},{"@type":"ImageObject","inLanguage":"en-GB","@id":"https:\/\/sodip.net\/epi-incendie-foam\/etude-conception-installation-des-systemes-de-securite-incendie\/#primaryimage","url":"https:\/\/sodip.net\/wp-content\/uploads\/2023\/09\/ob_7e73ad_reseau-maille.jpeg","contentUrl":"https:\/\/sodip.net\/wp-content\/uploads\/2023\/09\/ob_7e73ad_reseau-maille.jpeg"},{"@type":"BreadcrumbList","@id":"https:\/\/sodip.net\/epi-incendie-foam\/etude-conception-installation-des-systemes-de-securite-incendie\/#breadcrumb","itemListElement":[{"@type":"ListItem","position":1,"name":"Accueil","item":"https:\/\/sodip.net\/"},{"@type":"ListItem","position":2,"name":"EPI INCENDIE FOAM","item":"https:\/\/sodip.net\/epi-incendie-foam\/"},{"@type":"ListItem","position":3,"name":"Etude, conception, installation des syst\u00e8mes de s\u00e9curit\u00e9 incendie"}]},{"@type":"WebSite","@id":"https:\/\/sodip.net\/en\/#website","url":"https:\/\/sodip.net\/en\/","name":"SODIP SARL","description":"Soci\u00e9t\u00e9 d&#039;ing\u00e9nierie et de production","publisher":{"@id":"https:\/\/sodip.net\/en\/#organization"},"potentialAction":[{"@type":"SearchAction","target":{"@type":"EntryPoint","urlTemplate":"https:\/\/sodip.net\/en\/?s={search_term_string}"},"query-input":"required name=search_term_string"}],"inLanguage":"en-GB"},{"@type":"Organization","@id":"https:\/\/sodip.net\/en\/#organization","name":"SODIP SARL","url":"https:\/\/sodip.net\/en\/","logo":{"@type":"ImageObject","inLanguage":"en-GB","@id":"https:\/\/sodip.net\/en\/#\/schema\/logo\/image\/","url":"https:\/\/sodip.net\/wp-content\/uploads\/2023\/09\/cropped-logo-1.png","contentUrl":"https:\/\/sodip.net\/wp-content\/uploads\/2023\/09\/cropped-logo-1.png","width":825,"height":213,"caption":"SODIP SARL"},"image":{"@id":"https:\/\/sodip.net\/en\/#\/schema\/logo\/image\/"}}]}},"_links":{"self":[{"href":"https:\/\/sodip.net\/en\/wp-json\/wp\/v2\/pages\/6378","targetHints":{"allow":["GET"]}}],"collection":[{"href":"https:\/\/sodip.net\/en\/wp-json\/wp\/v2\/pages"}],"about":[{"href":"https:\/\/sodip.net\/en\/wp-json\/wp\/v2\/types\/page"}],"author":[{"embeddable":true,"href":"https:\/\/sodip.net\/en\/wp-json\/wp\/v2\/users\/1"}],"replies":[{"embeddable":true,"href":"https:\/\/sodip.net\/en\/wp-json\/wp\/v2\/comments?post=6378"}],"version-history":[{"count":40,"href":"https:\/\/sodip.net\/en\/wp-json\/wp\/v2\/pages\/6378\/revisions"}],"predecessor-version":[{"id":8185,"href":"https:\/\/sodip.net\/en\/wp-json\/wp\/v2\/pages\/6378\/revisions\/8185"}],"up":[{"embeddable":true,"href":"https:\/\/sodip.net\/en\/wp-json\/wp\/v2\/pages\/6374"}],"wp:attachment":[{"href":"https:\/\/sodip.net\/en\/wp-json\/wp\/v2\/media?parent=6378"}],"curies":[{"name":"wp","href":"https:\/\/api.w.org\/{rel}","templated":true}]}}