{"id":6357,"date":"2023-09-01T13:43:56","date_gmt":"2023-09-01T11:43:56","guid":{"rendered":"https:\/\/sodip.net\/?page_id=6357"},"modified":"2024-03-04T10:23:13","modified_gmt":"2024-03-04T09:23:13","slug":"mise-a-disposition-dinspecteurs-qualifies","status":"publish","type":"page","link":"https:\/\/sodip.net\/en\/control-non-destructif\/mise-a-disposition-dinspecteurs-qualifies\/","title":{"rendered":"Qualified inspectors on hand"},"content":{"rendered":"<div data-elementor-type=\"wp-page\" data-elementor-id=\"6357\" class=\"elementor elementor-6357\">\n\t\t\t\t\t\t\t\t\t<div class=\"elementor-section elementor-top-section elementor-element elementor-element-26df1db elementor-section-full_width elementor-section-stretched elementor-section-height-default elementor-section-height-default\" data-id=\"26df1db\" data-element_type=\"section\" data-settings=\"{&quot;stretch_section&quot;:&quot;section-stretched&quot;,&quot;background_background&quot;:&quot;classic&quot;}\">\n\t\t\t\t\t\t\t<div class=\"elementor-background-overlay\"><\/div>\n\t\t\t\t\t\t\t<div class=\"elementor-container elementor-column-gap-no\">\n\t\t\t\t\t<div class=\"elementor-column elementor-col-100 elementor-top-column elementor-element elementor-element-0a090a8\" data-id=\"0a090a8\" data-element_type=\"column\">\n\t\t\t<div class=\"elementor-widget-wrap elementor-element-populated\">\n\t\t\t\t\t\t\t\t<div class=\"elementor-element elementor-element-a50b403 elementor-widget elementor-widget-page-title\" data-id=\"a50b403\" data-element_type=\"widget\" data-settings=\"{&quot;align&quot;:&quot;center&quot;}\" data-widget_type=\"page-title.default\">\n\t\t\t\t<div class=\"elementor-widget-container\">\n\t\t\t\t\t\n\t\t<div class=\"hfe-page-title hfe-page-title-wrapper elementor-widget-heading\">\n\n\t\t\t\t\t\t\t\t\t\t\t<a href=\"https:\/\/sodip.net\/en\">\n\t\t\t\t\t\t<h1 class=\"elementor-heading-title elementor-size-default\">\n\t\t\t\t\t\t\t\t\n\t\t\t\tQualified inspectors on hand  \n\t\t\t<\/h1> \n\t\t\t\t\t\t\t\t\t<\/a>\n\t\t\t\t\t<\/div>\n\t\t\t\t<\/div>\n\t\t\t\t<\/div>\n\t\t\t\t\t<\/div>\n\t\t<\/div>\n\t\t\t\t\t\t\t<\/div>\n\t\t<\/div>\n\t\t\t\t<div class=\"elementor-section elementor-top-section elementor-element elementor-element-343bb04 elementor-section-content-middle elementor-section-stretched elementor-section-boxed elementor-section-height-default elementor-section-height-default\" data-id=\"343bb04\" data-element_type=\"section\" data-settings=\"{&quot;stretch_section&quot;:&quot;section-stretched&quot;}\">\n\t\t\t\t\t\t<div class=\"elementor-container elementor-column-gap-no\">\n\t\t\t\t\t<div class=\"elementor-column elementor-col-33 elementor-top-column elementor-element elementor-element-8f8a796 elementor-hidden-tablet elementor-hidden-mobile\" data-id=\"8f8a796\" data-element_type=\"column\">\n\t\t\t<div class=\"elementor-widget-wrap elementor-element-populated\">\n\t\t\t\t\t\t\t\t<div class=\"elementor-element elementor-element-cbf9c4e elementor-widget__width-auto elementor-hidden-tablet elementor-hidden-mobile elementor-widget elementor-widget-image\" data-id=\"cbf9c4e\" data-element_type=\"widget\" data-widget_type=\"image.default\">\n\t\t\t\t<div class=\"elementor-widget-container\">\n\t\t\t<style>\/*! elementor - v3.15.0 - 20-08-2023 *\/\n.elementor-widget-image{text-align:center}.elementor-widget-image a{display:inline-block}.elementor-widget-image a img[src$=\".svg\"]{width:48px}.elementor-widget-image img{vertical-align:middle;display:inline-block}<\/style>\t\t\t\t\t\t\t\t\t\t\t\t<img loading=\"lazy\" decoding=\"async\" width=\"400\" height=\"400\" src=\"https:\/\/sodip.net\/wp-content\/uploads\/2023\/09\/1_c83a0f8debd1a8bb7327d4544b7e4581.jpeg\" class=\"attachment-full size-full wp-image-7088\" alt=\"\" srcset=\"https:\/\/sodip.net\/wp-content\/uploads\/2023\/09\/1_c83a0f8debd1a8bb7327d4544b7e4581.jpeg 400w, https:\/\/sodip.net\/wp-content\/uploads\/2023\/09\/1_c83a0f8debd1a8bb7327d4544b7e4581-300x300.jpeg 300w, https:\/\/sodip.net\/wp-content\/uploads\/2023\/09\/1_c83a0f8debd1a8bb7327d4544b7e4581-150x150.jpeg 150w, https:\/\/sodip.net\/wp-content\/uploads\/2023\/09\/1_c83a0f8debd1a8bb7327d4544b7e4581-100x100.jpeg 100w, https:\/\/sodip.net\/wp-content\/uploads\/2023\/09\/1_c83a0f8debd1a8bb7327d4544b7e4581-50x50.jpeg 50w, https:\/\/sodip.net\/wp-content\/uploads\/2023\/09\/1_c83a0f8debd1a8bb7327d4544b7e4581-96x96.jpeg 96w\" sizes=\"auto, (max-width: 400px) 100vw, 400px\" \/>\t\t\t\t\t\t\t\t\t\t\t\t\t\t\t<\/div>\n\t\t\t\t<\/div>\n\t\t\t\t\t<\/div>\n\t\t<\/div>\n\t\t\t\t<div class=\"elementor-column elementor-col-66 elementor-top-column elementor-element elementor-element-3ca7410\" data-id=\"3ca7410\" data-element_type=\"column\" data-settings=\"{&quot;background_background&quot;:&quot;classic&quot;}\">\n\t\t\t<div class=\"elementor-widget-wrap elementor-element-populated\">\n\t\t\t\t\t\t\t\t<div class=\"elementor-element elementor-element-f3f1890 elementor-widget elementor-widget-heading\" data-id=\"f3f1890\" data-element_type=\"widget\" data-widget_type=\"heading.default\">\n\t\t\t\t<div class=\"elementor-widget-container\">\n\t\t\t<style>\/*! elementor - v3.15.0 - 20-08-2023 *\/\n.elementor-heading-title{padding:0;margin:0;line-height:1}.elementor-widget-heading .elementor-heading-title[class*=elementor-size-]>a{color:inherit;font-size:inherit;line-height:inherit}.elementor-widget-heading .elementor-heading-title.elementor-size-small{font-size:15px}.elementor-widget-heading .elementor-heading-title.elementor-size-medium{font-size:19px}.elementor-widget-heading .elementor-heading-title.elementor-size-large{font-size:29px}.elementor-widget-heading .elementor-heading-title.elementor-size-xl{font-size:39px}.elementor-widget-heading .elementor-heading-title.elementor-size-xxl{font-size:59px}<\/style><h2 class=\"elementor-heading-title elementor-size-default\">Des Experts pour Assurer Votre S\u00e9curit\u00e9<\/h2>\t\t<\/div>\n\t\t\t\t<\/div>\n\t\t\t\t<div class=\"elementor-element elementor-element-8d3fa08 elementor-widget elementor-widget-heading\" data-id=\"8d3fa08\" data-element_type=\"widget\" data-widget_type=\"heading.default\">\n\t\t\t\t<div class=\"elementor-widget-container\">\n\t\t\t<h2 class=\"elementor-heading-title elementor-size-default\">Availability of qualified inspectors<\/h2>\t\t<\/div>\n\t\t\t\t<\/div>\n\t\t\t\t<div class=\"elementor-element elementor-element-002964f elementor-widget elementor-widget-text-editor\" data-id=\"002964f\" data-element_type=\"widget\" data-widget_type=\"text-editor.default\">\n\t\t\t\t<div class=\"elementor-widget-container\">\n\t\t\t<style>\/*! elementor - v3.15.0 - 20-08-2023 *\/\n.elementor-widget-text-editor.elementor-drop-cap-view-stacked .elementor-drop-cap{background-color:#69727d;color:#fff}.elementor-widget-text-editor.elementor-drop-cap-view-framed .elementor-drop-cap{color:#69727d;border:3px solid;background-color:transparent}.elementor-widget-text-editor:not(.elementor-drop-cap-view-default) .elementor-drop-cap{margin-top:8px}.elementor-widget-text-editor:not(.elementor-drop-cap-view-default) .elementor-drop-cap-letter{width:1em;height:1em}.elementor-widget-text-editor .elementor-drop-cap{float:left;text-align:center;line-height:1;font-size:50px}.elementor-widget-text-editor .elementor-drop-cap-letter{display:inline-block}<\/style>\t\t\t\t<p>The quality of the inspection depends largely on the skills of the inspector. Our service of providing qualified inspectors is organized into sections to ensure that you have the experts you need to ensure your safety.<\/p>\t\t\t\t\t\t<\/div>\n\t\t\t\t<\/div>\n\t\t\t\t<div class=\"elementor-element elementor-element-c6ec753 elementor-align-left elementor-widget elementor-widget-button\" data-id=\"c6ec753\" data-element_type=\"widget\" data-widget_type=\"button.default\">\n\t\t\t\t<div class=\"elementor-widget-container\">\n\t\t\t\t\t<div class=\"elementor-button-wrapper\">\n\t\t\t<a class=\"elementor-button elementor-button-link elementor-size-sm\" href=\"https:\/\/sodip.net\/en\/contact-us\/\">\n\t\t\t\t\t\t<span class=\"elementor-button-content-wrapper\">\n\t\t\t\t\t\t<span class=\"elementor-button-icon elementor-align-icon-right\">\n\t\t\t\t<i aria-hidden=\"true\" class=\"radist-icon- radist-icon-circle-arrow-right\"><\/i>\t\t\t<\/span>\n\t\t\t\t\t\t<span class=\"elementor-button-text\">Contact us<\/span>\n\t\t<\/span>\n\t\t\t\t\t<\/a>\n\t\t<\/div>\n\t\t\t\t<\/div>\n\t\t\t\t<\/div>\n\t\t\t\t\t<\/div>\n\t\t<\/div>\n\t\t\t\t\t\t\t<\/div>\n\t\t<\/div>\n\t\t\t\t<section class=\"elementor-section elementor-top-section elementor-element elementor-element-05fa826 elementor-section-boxed elementor-section-height-default elementor-section-height-default\" data-id=\"05fa826\" data-element_type=\"section\">\n\t\t\t\t\t\t<div class=\"elementor-container elementor-column-gap-default\">\n\t\t\t\t\t<div class=\"elementor-column elementor-col-100 elementor-top-column elementor-element elementor-element-bf248c5\" data-id=\"bf248c5\" data-element_type=\"column\">\n\t\t\t<div class=\"elementor-widget-wrap elementor-element-populated\">\n\t\t\t\t\t\t\t\t<div class=\"elementor-element elementor-element-663ce0e elementor-widget elementor-widget-text-editor\" data-id=\"663ce0e\" data-element_type=\"widget\" data-widget_type=\"text-editor.default\">\n\t\t\t\t<div class=\"elementor-widget-container\">\n\t\t\t\t\t\t\t<h2><strong>Expertise at the Heart of Safety: Experts for a Trusted Inspection<\/strong><\/h2><p>We understand that every site and every piece of equipment has its own particularities. That's why we provide you with qualified inspectors with the necessary expertise in your specific field, whether it's the oil industry, construction, industrial maintenance or other sectors.<\/p><h2><strong>Continuing Education: Stay on the cutting edge of expertise<\/strong><\/h2><p>Our inspectors receive ongoing training to keep them abreast of the latest technological advances and inspection best practices. They are also trained in current safety standards to ensure a compliant inspection.<\/p><h2><strong>Adaptability and Flexibility: Inspectors ready to meet your needs<\/strong><\/h2><p>We tailor our services to your specific needs. Whether you need a team of inspectors for a one-off project or full-time experts for an ongoing inspection, we're here to meet your requirements.<\/p><h2><strong>Reports and Recommendations: Precise Information for Informed Decisions<\/strong><\/h2><p>Our qualified inspectors provide detailed reports of their inspections, including recommendations for any necessary corrective action. You'll receive accurate information to make informed decisions about maintenance or repairs.<\/p><h2><strong>Real-time support and expertise: Continuous support for flawless inspection<\/strong><\/h2><p>Our team of qualified inspectors is supported by our in-house experts. Should you have any technical questions or specific requirements, we are ready to provide real-time expertise to ensure the success of your inspection.<\/p><p>The quality of the inspection depends on the expertise of the inspector. To find out more about our services in providing qualified inspectors, or to discuss your specific inspection requirements, contact our safety experts today. With SODIP SARL, you can rest assured that you have the experts you need to guarantee your safety.<\/p>\t\t\t\t\t\t<\/div>\n\t\t\t\t<\/div>\n\t\t\t\t\t<\/div>\n\t\t<\/div>\n\t\t\t\t\t\t\t<\/div>\n\t\t<\/section>\n\t\t\t\t\t\t\t<\/div>","protected":false},"excerpt":{"rendered":"<p>Mise \u00e0 disposition d\u2019inspecteurs qualifi\u00e9s Des Experts pour Assurer Votre S\u00e9curit\u00e9 Mise \u00e0 Disposition d\u2019Inspecteurs Qualifi\u00e9s La qualit\u00e9 de l&#8217;inspection d\u00e9pend largement des comp\u00e9tences de l&#8217;inspecteur. Notre service de mise \u00e0 disposition d&#8217;inspecteurs qualifi\u00e9s est organis\u00e9 en sections pour garantir que vous disposez des experts n\u00e9cessaires pour assurer votre s\u00e9curit\u00e9. Nous contacter L&#8217;Expertise au C\u0153ur [&hellip;]<\/p>","protected":false},"author":1,"featured_media":0,"parent":6309,"menu_order":0,"comment_status":"closed","ping_status":"closed","template":"template-homepage.php","meta":{"inline_featured_image":false,"footnotes":""},"class_list":["post-6357","page","type-page","status-publish","hentry"],"yoast_head":"<!-- This site is optimized with the Yoast SEO plugin v22.8 - https:\/\/yoast.com\/wordpress\/plugins\/seo\/ -->\n<title>Mise \u00e0 disposition d\u2019inspecteurs qualifi\u00e9s - SODIP SARL<\/title>\n<meta name=\"robots\" content=\"index, follow, max-snippet:-1, max-image-preview:large, max-video-preview:-1\" \/>\n<link rel=\"canonical\" href=\"https:\/\/sodip.net\/en\/control-non-destructif\/mise-a-disposition-dinspecteurs-qualifies\/\" \/>\n<meta property=\"og:locale\" content=\"en_GB\" \/>\n<meta property=\"og:type\" content=\"article\" \/>\n<meta property=\"og:title\" content=\"Mise \u00e0 disposition d\u2019inspecteurs qualifi\u00e9s - SODIP SARL\" \/>\n<meta property=\"og:description\" content=\"Mise \u00e0 disposition d\u2019inspecteurs qualifi\u00e9s Des Experts pour Assurer Votre S\u00e9curit\u00e9 Mise \u00e0 Disposition d\u2019Inspecteurs Qualifi\u00e9s La qualit\u00e9 de l&#8217;inspection d\u00e9pend largement des comp\u00e9tences de l&#8217;inspecteur. Notre service de mise \u00e0 disposition d&#8217;inspecteurs qualifi\u00e9s est organis\u00e9 en sections pour garantir que vous disposez des experts n\u00e9cessaires pour assurer votre s\u00e9curit\u00e9. Nous contacter L&#8217;Expertise au C\u0153ur [&hellip;]\" \/>\n<meta property=\"og:url\" content=\"https:\/\/sodip.net\/en\/control-non-destructif\/mise-a-disposition-dinspecteurs-qualifies\/\" \/>\n<meta property=\"og:site_name\" content=\"SODIP SARL\" \/>\n<meta property=\"article:modified_time\" content=\"2024-03-04T09:23:13+00:00\" \/>\n<meta property=\"og:image\" content=\"https:\/\/sodip.net\/wp-content\/uploads\/2023\/09\/1_c83a0f8debd1a8bb7327d4544b7e4581.jpeg\" \/>\n<meta name=\"twitter:card\" content=\"summary_large_image\" \/>\n<meta name=\"twitter:label1\" content=\"Estimated reading time\" \/>\n\t<meta name=\"twitter:data1\" content=\"2 minutes\" \/>\n<script type=\"application\/ld+json\" class=\"yoast-schema-graph\">{\"@context\":\"https:\/\/schema.org\",\"@graph\":[{\"@type\":\"WebPage\",\"@id\":\"https:\/\/sodip.net\/control-non-destructif\/mise-a-disposition-dinspecteurs-qualifies\/\",\"url\":\"https:\/\/sodip.net\/control-non-destructif\/mise-a-disposition-dinspecteurs-qualifies\/\",\"name\":\"Mise \u00e0 disposition d\u2019inspecteurs qualifi\u00e9s - SODIP SARL\",\"isPartOf\":{\"@id\":\"https:\/\/sodip.net\/en\/#website\"},\"primaryImageOfPage\":{\"@id\":\"https:\/\/sodip.net\/control-non-destructif\/mise-a-disposition-dinspecteurs-qualifies\/#primaryimage\"},\"image\":{\"@id\":\"https:\/\/sodip.net\/control-non-destructif\/mise-a-disposition-dinspecteurs-qualifies\/#primaryimage\"},\"thumbnailUrl\":\"https:\/\/sodip.net\/wp-content\/uploads\/2023\/09\/1_c83a0f8debd1a8bb7327d4544b7e4581.jpeg\",\"datePublished\":\"2023-09-01T11:43:56+00:00\",\"dateModified\":\"2024-03-04T09:23:13+00:00\",\"breadcrumb\":{\"@id\":\"https:\/\/sodip.net\/control-non-destructif\/mise-a-disposition-dinspecteurs-qualifies\/#breadcrumb\"},\"inLanguage\":\"en-GB\",\"potentialAction\":[{\"@type\":\"ReadAction\",\"target\":[\"https:\/\/sodip.net\/control-non-destructif\/mise-a-disposition-dinspecteurs-qualifies\/\"]}]},{\"@type\":\"ImageObject\",\"inLanguage\":\"en-GB\",\"@id\":\"https:\/\/sodip.net\/control-non-destructif\/mise-a-disposition-dinspecteurs-qualifies\/#primaryimage\",\"url\":\"https:\/\/sodip.net\/wp-content\/uploads\/2023\/09\/1_c83a0f8debd1a8bb7327d4544b7e4581.jpeg\",\"contentUrl\":\"https:\/\/sodip.net\/wp-content\/uploads\/2023\/09\/1_c83a0f8debd1a8bb7327d4544b7e4581.jpeg\"},{\"@type\":\"BreadcrumbList\",\"@id\":\"https:\/\/sodip.net\/control-non-destructif\/mise-a-disposition-dinspecteurs-qualifies\/#breadcrumb\",\"itemListElement\":[{\"@type\":\"ListItem\",\"position\":1,\"name\":\"Accueil\",\"item\":\"https:\/\/sodip.net\/\"},{\"@type\":\"ListItem\",\"position\":2,\"name\":\"Control Non Destructif\",\"item\":\"https:\/\/sodip.net\/control-non-destructif\/\"},{\"@type\":\"ListItem\",\"position\":3,\"name\":\"Mise \u00e0 disposition d\u2019inspecteurs qualifi\u00e9s\"}]},{\"@type\":\"WebSite\",\"@id\":\"https:\/\/sodip.net\/en\/#website\",\"url\":\"https:\/\/sodip.net\/en\/\",\"name\":\"SODIP SARL\",\"description\":\"Soci\u00e9t\u00e9 d&#039;ing\u00e9nierie et de production\",\"publisher\":{\"@id\":\"https:\/\/sodip.net\/en\/#organization\"},\"potentialAction\":[{\"@type\":\"SearchAction\",\"target\":{\"@type\":\"EntryPoint\",\"urlTemplate\":\"https:\/\/sodip.net\/en\/?s={search_term_string}\"},\"query-input\":\"required name=search_term_string\"}],\"inLanguage\":\"en-GB\"},{\"@type\":\"Organization\",\"@id\":\"https:\/\/sodip.net\/en\/#organization\",\"name\":\"SODIP SARL\",\"url\":\"https:\/\/sodip.net\/en\/\",\"logo\":{\"@type\":\"ImageObject\",\"inLanguage\":\"en-GB\",\"@id\":\"https:\/\/sodip.net\/en\/#\/schema\/logo\/image\/\",\"url\":\"https:\/\/sodip.net\/wp-content\/uploads\/2023\/09\/cropped-logo-1.png\",\"contentUrl\":\"https:\/\/sodip.net\/wp-content\/uploads\/2023\/09\/cropped-logo-1.png\",\"width\":825,\"height\":213,\"caption\":\"SODIP SARL\"},\"image\":{\"@id\":\"https:\/\/sodip.net\/en\/#\/schema\/logo\/image\/\"}}]}<\/script>\n<!-- \/ Yoast SEO plugin. -->","yoast_head_json":{"title":"Mise \u00e0 disposition d\u2019inspecteurs qualifi\u00e9s - SODIP SARL","robots":{"index":"index","follow":"follow","max-snippet":"max-snippet:-1","max-image-preview":"max-image-preview:large","max-video-preview":"max-video-preview:-1"},"canonical":"https:\/\/sodip.net\/en\/control-non-destructif\/mise-a-disposition-dinspecteurs-qualifies\/","og_locale":"en_GB","og_type":"article","og_title":"Mise \u00e0 disposition d\u2019inspecteurs qualifi\u00e9s - SODIP SARL","og_description":"Mise \u00e0 disposition d\u2019inspecteurs qualifi\u00e9s Des Experts pour Assurer Votre S\u00e9curit\u00e9 Mise \u00e0 Disposition d\u2019Inspecteurs Qualifi\u00e9s La qualit\u00e9 de l&#8217;inspection d\u00e9pend largement des comp\u00e9tences de l&#8217;inspecteur. Notre service de mise \u00e0 disposition d&#8217;inspecteurs qualifi\u00e9s est organis\u00e9 en sections pour garantir que vous disposez des experts n\u00e9cessaires pour assurer votre s\u00e9curit\u00e9. Nous contacter L&#8217;Expertise au C\u0153ur [&hellip;]","og_url":"https:\/\/sodip.net\/en\/control-non-destructif\/mise-a-disposition-dinspecteurs-qualifies\/","og_site_name":"SODIP SARL","article_modified_time":"2024-03-04T09:23:13+00:00","og_image":[{"url":"https:\/\/sodip.net\/wp-content\/uploads\/2023\/09\/1_c83a0f8debd1a8bb7327d4544b7e4581.jpeg"}],"twitter_card":"summary_large_image","twitter_misc":{"Estimated reading time":"2 minutes"},"schema":{"@context":"https:\/\/schema.org","@graph":[{"@type":"WebPage","@id":"https:\/\/sodip.net\/control-non-destructif\/mise-a-disposition-dinspecteurs-qualifies\/","url":"https:\/\/sodip.net\/control-non-destructif\/mise-a-disposition-dinspecteurs-qualifies\/","name":"Mise \u00e0 disposition d\u2019inspecteurs qualifi\u00e9s - SODIP SARL","isPartOf":{"@id":"https:\/\/sodip.net\/en\/#website"},"primaryImageOfPage":{"@id":"https:\/\/sodip.net\/control-non-destructif\/mise-a-disposition-dinspecteurs-qualifies\/#primaryimage"},"image":{"@id":"https:\/\/sodip.net\/control-non-destructif\/mise-a-disposition-dinspecteurs-qualifies\/#primaryimage"},"thumbnailUrl":"https:\/\/sodip.net\/wp-content\/uploads\/2023\/09\/1_c83a0f8debd1a8bb7327d4544b7e4581.jpeg","datePublished":"2023-09-01T11:43:56+00:00","dateModified":"2024-03-04T09:23:13+00:00","breadcrumb":{"@id":"https:\/\/sodip.net\/control-non-destructif\/mise-a-disposition-dinspecteurs-qualifies\/#breadcrumb"},"inLanguage":"en-GB","potentialAction":[{"@type":"ReadAction","target":["https:\/\/sodip.net\/control-non-destructif\/mise-a-disposition-dinspecteurs-qualifies\/"]}]},{"@type":"ImageObject","inLanguage":"en-GB","@id":"https:\/\/sodip.net\/control-non-destructif\/mise-a-disposition-dinspecteurs-qualifies\/#primaryimage","url":"https:\/\/sodip.net\/wp-content\/uploads\/2023\/09\/1_c83a0f8debd1a8bb7327d4544b7e4581.jpeg","contentUrl":"https:\/\/sodip.net\/wp-content\/uploads\/2023\/09\/1_c83a0f8debd1a8bb7327d4544b7e4581.jpeg"},{"@type":"BreadcrumbList","@id":"https:\/\/sodip.net\/control-non-destructif\/mise-a-disposition-dinspecteurs-qualifies\/#breadcrumb","itemListElement":[{"@type":"ListItem","position":1,"name":"Accueil","item":"https:\/\/sodip.net\/"},{"@type":"ListItem","position":2,"name":"Control Non Destructif","item":"https:\/\/sodip.net\/control-non-destructif\/"},{"@type":"ListItem","position":3,"name":"Mise \u00e0 disposition d\u2019inspecteurs qualifi\u00e9s"}]},{"@type":"WebSite","@id":"https:\/\/sodip.net\/en\/#website","url":"https:\/\/sodip.net\/en\/","name":"SODIP SARL","description":"Soci\u00e9t\u00e9 d&#039;ing\u00e9nierie et de production","publisher":{"@id":"https:\/\/sodip.net\/en\/#organization"},"potentialAction":[{"@type":"SearchAction","target":{"@type":"EntryPoint","urlTemplate":"https:\/\/sodip.net\/en\/?s={search_term_string}"},"query-input":"required name=search_term_string"}],"inLanguage":"en-GB"},{"@type":"Organization","@id":"https:\/\/sodip.net\/en\/#organization","name":"SODIP SARL","url":"https:\/\/sodip.net\/en\/","logo":{"@type":"ImageObject","inLanguage":"en-GB","@id":"https:\/\/sodip.net\/en\/#\/schema\/logo\/image\/","url":"https:\/\/sodip.net\/wp-content\/uploads\/2023\/09\/cropped-logo-1.png","contentUrl":"https:\/\/sodip.net\/wp-content\/uploads\/2023\/09\/cropped-logo-1.png","width":825,"height":213,"caption":"SODIP SARL"},"image":{"@id":"https:\/\/sodip.net\/en\/#\/schema\/logo\/image\/"}}]}},"_links":{"self":[{"href":"https:\/\/sodip.net\/en\/wp-json\/wp\/v2\/pages\/6357","targetHints":{"allow":["GET"]}}],"collection":[{"href":"https:\/\/sodip.net\/en\/wp-json\/wp\/v2\/pages"}],"about":[{"href":"https:\/\/sodip.net\/en\/wp-json\/wp\/v2\/types\/page"}],"author":[{"embeddable":true,"href":"https:\/\/sodip.net\/en\/wp-json\/wp\/v2\/users\/1"}],"replies":[{"embeddable":true,"href":"https:\/\/sodip.net\/en\/wp-json\/wp\/v2\/comments?post=6357"}],"version-history":[{"count":10,"href":"https:\/\/sodip.net\/en\/wp-json\/wp\/v2\/pages\/6357\/revisions"}],"predecessor-version":[{"id":8140,"href":"https:\/\/sodip.net\/en\/wp-json\/wp\/v2\/pages\/6357\/revisions\/8140"}],"up":[{"embeddable":true,"href":"https:\/\/sodip.net\/en\/wp-json\/wp\/v2\/pages\/6309"}],"wp:attachment":[{"href":"https:\/\/sodip.net\/en\/wp-json\/wp\/v2\/media?parent=6357"}],"curies":[{"name":"wp","href":"https:\/\/api.w.org\/{rel}","templated":true}]}}