{"id":6331,"date":"2023-09-01T13:04:59","date_gmt":"2023-09-01T11:04:59","guid":{"rendered":"https:\/\/sodip.net\/?page_id=6331"},"modified":"2024-03-04T10:19:13","modified_gmt":"2024-03-04T09:19:13","slug":"inspection-visuelle","status":"publish","type":"page","link":"https:\/\/sodip.net\/en\/control-non-destructif\/inspection-visuelle\/","title":{"rendered":"Visual inspection"},"content":{"rendered":"<div data-elementor-type=\"wp-page\" data-elementor-id=\"6331\" class=\"elementor elementor-6331\">\n\t\t\t\t\t\t\t\t\t<div class=\"elementor-section elementor-top-section elementor-element elementor-element-26df1db elementor-section-full_width elementor-section-stretched elementor-section-height-default elementor-section-height-default\" data-id=\"26df1db\" data-element_type=\"section\" data-settings=\"{&quot;stretch_section&quot;:&quot;section-stretched&quot;,&quot;background_background&quot;:&quot;classic&quot;}\">\n\t\t\t\t\t\t\t<div class=\"elementor-background-overlay\"><\/div>\n\t\t\t\t\t\t\t<div class=\"elementor-container elementor-column-gap-no\">\n\t\t\t\t\t<div class=\"elementor-column elementor-col-100 elementor-top-column elementor-element elementor-element-0a090a8\" data-id=\"0a090a8\" data-element_type=\"column\">\n\t\t\t<div class=\"elementor-widget-wrap elementor-element-populated\">\n\t\t\t\t\t\t\t\t<div class=\"elementor-element elementor-element-a50b403 elementor-widget elementor-widget-page-title\" data-id=\"a50b403\" data-element_type=\"widget\" data-settings=\"{&quot;align&quot;:&quot;center&quot;}\" data-widget_type=\"page-title.default\">\n\t\t\t\t<div class=\"elementor-widget-container\">\n\t\t\t\t\t\n\t\t<div class=\"hfe-page-title hfe-page-title-wrapper elementor-widget-heading\">\n\n\t\t\t\t\t\t\t\t\t\t\t<a href=\"https:\/\/sodip.net\/en\">\n\t\t\t\t\t\t<h1 class=\"elementor-heading-title elementor-size-default\">\n\t\t\t\t\t\t\t\t\n\t\t\t\tVisual inspection  \n\t\t\t<\/h1> \n\t\t\t\t\t\t\t\t\t<\/a>\n\t\t\t\t\t<\/div>\n\t\t\t\t<\/div>\n\t\t\t\t<\/div>\n\t\t\t\t\t<\/div>\n\t\t<\/div>\n\t\t\t\t\t\t\t<\/div>\n\t\t<\/div>\n\t\t\t\t<div class=\"elementor-section elementor-top-section elementor-element elementor-element-343bb04 elementor-section-content-middle elementor-section-stretched elementor-section-boxed elementor-section-height-default elementor-section-height-default\" data-id=\"343bb04\" data-element_type=\"section\" data-settings=\"{&quot;stretch_section&quot;:&quot;section-stretched&quot;}\">\n\t\t\t\t\t\t<div class=\"elementor-container elementor-column-gap-no\">\n\t\t\t\t\t<div class=\"elementor-column elementor-col-33 elementor-top-column elementor-element elementor-element-8f8a796 elementor-hidden-tablet elementor-hidden-mobile\" data-id=\"8f8a796\" data-element_type=\"column\">\n\t\t\t<div class=\"elementor-widget-wrap elementor-element-populated\">\n\t\t\t\t\t\t\t\t<div class=\"elementor-element elementor-element-4fd148e elementor-absolute elementor-hidden-tablet elementor-hidden-mobile elementor-widget elementor-widget-image\" data-id=\"4fd148e\" data-element_type=\"widget\" data-settings=\"{&quot;_position&quot;:&quot;absolute&quot;}\" data-widget_type=\"image.default\">\n\t\t\t\t<div class=\"elementor-widget-container\">\n\t\t\t<style>\/*! elementor - v3.15.0 - 20-08-2023 *\/\n.elementor-widget-image{text-align:center}.elementor-widget-image a{display:inline-block}.elementor-widget-image a img[src$=\".svg\"]{width:48px}.elementor-widget-image img{vertical-align:middle;display:inline-block}<\/style>\t\t\t\t\t\t\t\t\t\t\t\t<img loading=\"lazy\" decoding=\"async\" width=\"1584\" height=\"634\" src=\"https:\/\/sodip.net\/wp-content\/uploads\/2023\/11\/inspecction-visuelle1.png\" class=\"attachment-full size-full wp-image-8019\" alt=\"\" srcset=\"https:\/\/sodip.net\/wp-content\/uploads\/2023\/11\/inspecction-visuelle1.png 1584w, https:\/\/sodip.net\/wp-content\/uploads\/2023\/11\/inspecction-visuelle1-300x120.png 300w, https:\/\/sodip.net\/wp-content\/uploads\/2023\/11\/inspecction-visuelle1-1024x410.png 1024w, https:\/\/sodip.net\/wp-content\/uploads\/2023\/11\/inspecction-visuelle1-768x307.png 768w, https:\/\/sodip.net\/wp-content\/uploads\/2023\/11\/inspecction-visuelle1-1536x615.png 1536w, https:\/\/sodip.net\/wp-content\/uploads\/2023\/11\/inspecction-visuelle1-18x7.png 18w, https:\/\/sodip.net\/wp-content\/uploads\/2023\/11\/inspecction-visuelle1-630x252.png 630w, https:\/\/sodip.net\/wp-content\/uploads\/2023\/11\/inspecction-visuelle1-450x180.png 450w, https:\/\/sodip.net\/wp-content\/uploads\/2023\/11\/inspecction-visuelle1-800x320.png 800w\" sizes=\"auto, (max-width: 1584px) 100vw, 1584px\" \/>\t\t\t\t\t\t\t\t\t\t\t\t\t\t\t<\/div>\n\t\t\t\t<\/div>\n\t\t\t\t\t<\/div>\n\t\t<\/div>\n\t\t\t\t<div class=\"elementor-column elementor-col-66 elementor-top-column elementor-element elementor-element-3ca7410\" data-id=\"3ca7410\" data-element_type=\"column\" data-settings=\"{&quot;background_background&quot;:&quot;classic&quot;}\">\n\t\t\t<div class=\"elementor-widget-wrap elementor-element-populated\">\n\t\t\t\t\t\t\t\t<div class=\"elementor-element elementor-element-f3f1890 elementor-widget elementor-widget-heading\" data-id=\"f3f1890\" data-element_type=\"widget\" data-widget_type=\"heading.default\">\n\t\t\t\t<div class=\"elementor-widget-container\">\n\t\t\t<style>\/*! elementor - v3.15.0 - 20-08-2023 *\/\n.elementor-heading-title{padding:0;margin:0;line-height:1}.elementor-widget-heading .elementor-heading-title[class*=elementor-size-]>a{color:inherit;font-size:inherit;line-height:inherit}.elementor-widget-heading .elementor-heading-title.elementor-size-small{font-size:15px}.elementor-widget-heading .elementor-heading-title.elementor-size-medium{font-size:19px}.elementor-widget-heading .elementor-heading-title.elementor-size-large{font-size:29px}.elementor-widget-heading .elementor-heading-title.elementor-size-xl{font-size:39px}.elementor-widget-heading .elementor-heading-title.elementor-size-xxl{font-size:59px}<\/style><h2 class=\"elementor-heading-title elementor-size-default\">Your first look at safety<\/h2>\t\t<\/div>\n\t\t\t\t<\/div>\n\t\t\t\t<div class=\"elementor-element elementor-element-8d3fa08 elementor-widget elementor-widget-heading\" data-id=\"8d3fa08\" data-element_type=\"widget\" data-widget_type=\"heading.default\">\n\t\t\t\t<div class=\"elementor-widget-container\">\n\t\t\t<h2 class=\"elementor-heading-title elementor-size-default\">Visual Inspection <\/h2>\t\t<\/div>\n\t\t\t\t<\/div>\n\t\t\t\t<div class=\"elementor-element elementor-element-002964f elementor-widget elementor-widget-text-editor\" data-id=\"002964f\" data-element_type=\"widget\" data-widget_type=\"text-editor.default\">\n\t\t\t\t<div class=\"elementor-widget-container\">\n\t\t\t<style>\/*! elementor - v3.15.0 - 20-08-2023 *\/\n.elementor-widget-text-editor.elementor-drop-cap-view-stacked .elementor-drop-cap{background-color:#69727d;color:#fff}.elementor-widget-text-editor.elementor-drop-cap-view-framed .elementor-drop-cap{color:#69727d;border:3px solid;background-color:transparent}.elementor-widget-text-editor:not(.elementor-drop-cap-view-default) .elementor-drop-cap{margin-top:8px}.elementor-widget-text-editor:not(.elementor-drop-cap-view-default) .elementor-drop-cap-letter{width:1em;height:1em}.elementor-widget-text-editor .elementor-drop-cap{float:left;text-align:center;line-height:1;font-size:50px}.elementor-widget-text-editor .elementor-drop-cap-letter{display:inline-block}<\/style>\t\t\t\t<p>Visual inspection is an essential step in ensuring the safety of your equipment and facilities. Our visual inspection service is organized into sections to cover all aspects of this crucial first safety step.<\/p>\t\t\t\t\t\t<\/div>\n\t\t\t\t<\/div>\n\t\t\t\t<div class=\"elementor-element elementor-element-c6ec753 elementor-align-left elementor-widget elementor-widget-button\" data-id=\"c6ec753\" data-element_type=\"widget\" data-widget_type=\"button.default\">\n\t\t\t\t<div class=\"elementor-widget-container\">\n\t\t\t\t\t<div class=\"elementor-button-wrapper\">\n\t\t\t<a class=\"elementor-button elementor-button-link elementor-size-sm\" href=\"https:\/\/sodip.net\/en\/contact-us\/\">\n\t\t\t\t\t\t<span class=\"elementor-button-content-wrapper\">\n\t\t\t\t\t\t<span class=\"elementor-button-icon elementor-align-icon-right\">\n\t\t\t\t<i aria-hidden=\"true\" class=\"radist-icon- radist-icon-circle-arrow-right\"><\/i>\t\t\t<\/span>\n\t\t\t\t\t\t<span class=\"elementor-button-text\">Contact us<\/span>\n\t\t<\/span>\n\t\t\t\t\t<\/a>\n\t\t<\/div>\n\t\t\t\t<\/div>\n\t\t\t\t<\/div>\n\t\t\t\t\t<\/div>\n\t\t<\/div>\n\t\t\t\t\t\t\t<\/div>\n\t\t<\/div>\n\t\t\t\t<section class=\"elementor-section elementor-top-section elementor-element elementor-element-8a6d4e6 elementor-section-boxed elementor-section-height-default elementor-section-height-default\" data-id=\"8a6d4e6\" data-element_type=\"section\">\n\t\t\t\t\t\t<div class=\"elementor-container elementor-column-gap-default\">\n\t\t\t\t\t<div class=\"elementor-column elementor-col-100 elementor-top-column elementor-element elementor-element-2334aaf\" data-id=\"2334aaf\" data-element_type=\"column\">\n\t\t\t<div class=\"elementor-widget-wrap elementor-element-populated\">\n\t\t\t\t\t\t\t\t<div class=\"elementor-element elementor-element-f885ce7 elementor-widget elementor-widget-text-editor\" data-id=\"f885ce7\" data-element_type=\"widget\" data-widget_type=\"text-editor.default\">\n\t\t\t\t<div class=\"elementor-widget-container\">\n\t\t\t\t\t\t\t<div class=\"group w-full text-token-text-primary border-b border-black\/10 gizmo:border-0 dark:border-gray-900\/50 gizmo:dark:border-0 bg-gray-50 gizmo:bg-transparent dark:bg-[#444654] gizmo:dark:bg-transparent sm:AIPRM__conversation__response\" data-testid=\"conversation-turn-77\"><div class=\"p-4 justify-center text-base md:gap-6 md:py-6 m-auto\"><div class=\"flex flex-1 gap-4 text-base mx-auto md:gap-6 md:max-w-2xl lg:max-w-[38rem] xl:max-w-3xl }\"><div class=\"relative flex w-[calc(100%-50px)] flex-col gap-1 md:gap-3 lg:w-[calc(100%-115px)]\"><div class=\"flex flex-grow flex-col gap-3 max-w-full\"><div class=\"min-h-[20px] flex flex-col items-start gap-3 overflow-x-auto whitespace-pre-wrap break-words\"><div class=\"markdown prose w-full break-words dark:prose-invert light AIPRM__conversation__response\"><div class=\"group w-full text-token-text-primary border-b border-black\/10 gizmo:border-0 dark:border-gray-900\/50 gizmo:dark:border-0 bg-gray-50 gizmo:bg-transparent dark:bg-[#444654] gizmo:dark:bg-transparent sm:AIPRM__conversation__response\" data-testid=\"conversation-turn-77\"><div class=\"p-4 justify-center text-base md:gap-6 md:py-6 m-auto\"><div class=\"flex flex-1 gap-4 text-base mx-auto md:gap-6 md:max-w-2xl lg:max-w-[38rem] xl:max-w-3xl }\"><div class=\"relative flex w-[calc(100%-50px)] flex-col gap-1 md:gap-3 lg:w-[calc(100%-115px)]\"><div class=\"flex flex-grow flex-col gap-3 max-w-full\"><div class=\"min-h-[20px] flex flex-col items-start gap-3 overflow-x-auto whitespace-pre-wrap break-words\"><div class=\"markdown prose w-full break-words dark:prose-invert light AIPRM__conversation__response\"><h2><strong>Advanced Visual Inspection<\/strong><\/h2><p>We start with a thorough visual inspection of your equipment and installations. Our experts examine every component for signs of deterioration, damage or potential defects that could compromise safety.<\/p><h2><strong>Standards Compliance Inspection<\/strong><\/h2><p>We check that all your equipment and installations comply with current safety standards. We identify any non-conformities and make recommendations to correct them, to ensure your regulatory compliance.<\/p><h2><strong>Preventive Inspection and Early Maintenance<\/strong><\/h2><p>L&#8217;inspection visuelle pr\u00e9ventive est essentielle pour anticiper les probl\u00e8mes potentiels. Nous effectuons des inspections r\u00e9guli\u00e8res pour d\u00e9tecter les signes pr\u00e9curseurs de d\u00e9fauts ou de d\u00e9t\u00e9rioration, ce qui permet de planifier des op\u00e9rations de maintenance anticip\u00e9e.<\/p><h2><strong>Detailed Reports and Recommendations<\/strong><\/h2><p>All our visual inspections are documented in detailed reports. These reports include concrete information on the condition of your equipment and facilities, as well as recommendations for any necessary improvements.<\/p><h2><strong>Customized Visual Inspection<\/strong><\/h2><p>We tailor our visual inspection services to your specific needs. Whether you need a one-off inspection or regular inspection programs, we're here to meet your safety requirements.<\/p><p>Your safety starts with a good look. To find out more about our visual inspection services, or to discuss your specific safety requirements, contact our safety experts today. With SODIP SARL, rest assured that your safety is our top priority.<\/p><\/div><\/div><\/div><\/div><\/div><\/div><\/div><\/div><\/div><\/div><\/div><\/div><\/div><\/div>\t\t\t\t\t\t<\/div>\n\t\t\t\t<\/div>\n\t\t\t\t\t<\/div>\n\t\t<\/div>\n\t\t\t\t\t\t\t<\/div>\n\t\t<\/section>\n\t\t\t\t\t\t\t<\/div>","protected":false},"excerpt":{"rendered":"<p>Inspection visuelle Votre Premier Regard sur la S\u00e9curit\u00e9 Inspection Visuelle L&#8217;inspection visuelle est une \u00e9tape essentielle pour garantir la s\u00e9curit\u00e9 de vos \u00e9quipements et de vos installations. Notre service d&#8217;inspection visuelle est organis\u00e9 en sections pour couvrir tous les aspects de cette premi\u00e8re \u00e9tape cruciale de la s\u00e9curit\u00e9. Contactez nous Inspection Visuelle Approfondie Nous commen\u00e7ons [&hellip;]<\/p>","protected":false},"author":1,"featured_media":0,"parent":6309,"menu_order":0,"comment_status":"closed","ping_status":"closed","template":"template-homepage.php","meta":{"inline_featured_image":false,"footnotes":""},"class_list":["post-6331","page","type-page","status-publish","hentry"],"yoast_head":"<!-- This site is optimized with the Yoast SEO plugin v22.8 - https:\/\/yoast.com\/wordpress\/plugins\/seo\/ -->\n<title>Inspection visuelle - SODIP SARL<\/title>\n<meta name=\"robots\" content=\"index, follow, max-snippet:-1, max-image-preview:large, max-video-preview:-1\" \/>\n<link rel=\"canonical\" href=\"https:\/\/sodip.net\/en\/control-non-destructif\/inspection-visuelle\/\" \/>\n<meta property=\"og:locale\" content=\"en_GB\" \/>\n<meta property=\"og:type\" content=\"article\" \/>\n<meta property=\"og:title\" content=\"Inspection visuelle - SODIP SARL\" \/>\n<meta property=\"og:description\" content=\"Inspection visuelle Votre Premier Regard sur la S\u00e9curit\u00e9 Inspection Visuelle L&#8217;inspection visuelle est une \u00e9tape essentielle pour garantir la s\u00e9curit\u00e9 de vos \u00e9quipements et de vos installations. Notre service d&#8217;inspection visuelle est organis\u00e9 en sections pour couvrir tous les aspects de cette premi\u00e8re \u00e9tape cruciale de la s\u00e9curit\u00e9. Contactez nous Inspection Visuelle Approfondie Nous commen\u00e7ons [&hellip;]\" \/>\n<meta property=\"og:url\" content=\"https:\/\/sodip.net\/en\/control-non-destructif\/inspection-visuelle\/\" \/>\n<meta property=\"og:site_name\" content=\"SODIP SARL\" \/>\n<meta property=\"article:modified_time\" content=\"2024-03-04T09:19:13+00:00\" \/>\n<meta property=\"og:image\" content=\"https:\/\/sodip.net\/wp-content\/uploads\/2023\/11\/inspecction-visuelle1.png\" \/>\n<meta name=\"twitter:card\" content=\"summary_large_image\" \/>\n<meta name=\"twitter:label1\" content=\"Estimated reading time\" \/>\n\t<meta name=\"twitter:data1\" content=\"2 minutes\" \/>\n<script type=\"application\/ld+json\" class=\"yoast-schema-graph\">{\"@context\":\"https:\/\/schema.org\",\"@graph\":[{\"@type\":\"WebPage\",\"@id\":\"https:\/\/sodip.net\/control-non-destructif\/inspection-visuelle\/\",\"url\":\"https:\/\/sodip.net\/control-non-destructif\/inspection-visuelle\/\",\"name\":\"Inspection visuelle - SODIP SARL\",\"isPartOf\":{\"@id\":\"https:\/\/sodip.net\/en\/#website\"},\"primaryImageOfPage\":{\"@id\":\"https:\/\/sodip.net\/control-non-destructif\/inspection-visuelle\/#primaryimage\"},\"image\":{\"@id\":\"https:\/\/sodip.net\/control-non-destructif\/inspection-visuelle\/#primaryimage\"},\"thumbnailUrl\":\"https:\/\/sodip.net\/wp-content\/uploads\/2023\/11\/inspecction-visuelle1.png\",\"datePublished\":\"2023-09-01T11:04:59+00:00\",\"dateModified\":\"2024-03-04T09:19:13+00:00\",\"breadcrumb\":{\"@id\":\"https:\/\/sodip.net\/control-non-destructif\/inspection-visuelle\/#breadcrumb\"},\"inLanguage\":\"en-GB\",\"potentialAction\":[{\"@type\":\"ReadAction\",\"target\":[\"https:\/\/sodip.net\/control-non-destructif\/inspection-visuelle\/\"]}]},{\"@type\":\"ImageObject\",\"inLanguage\":\"en-GB\",\"@id\":\"https:\/\/sodip.net\/control-non-destructif\/inspection-visuelle\/#primaryimage\",\"url\":\"https:\/\/sodip.net\/wp-content\/uploads\/2023\/11\/inspecction-visuelle1.png\",\"contentUrl\":\"https:\/\/sodip.net\/wp-content\/uploads\/2023\/11\/inspecction-visuelle1.png\"},{\"@type\":\"BreadcrumbList\",\"@id\":\"https:\/\/sodip.net\/control-non-destructif\/inspection-visuelle\/#breadcrumb\",\"itemListElement\":[{\"@type\":\"ListItem\",\"position\":1,\"name\":\"Accueil\",\"item\":\"https:\/\/sodip.net\/\"},{\"@type\":\"ListItem\",\"position\":2,\"name\":\"Control Non Destructif\",\"item\":\"https:\/\/sodip.net\/control-non-destructif\/\"},{\"@type\":\"ListItem\",\"position\":3,\"name\":\"Inspection visuelle\"}]},{\"@type\":\"WebSite\",\"@id\":\"https:\/\/sodip.net\/en\/#website\",\"url\":\"https:\/\/sodip.net\/en\/\",\"name\":\"SODIP SARL\",\"description\":\"Soci\u00e9t\u00e9 d&#039;ing\u00e9nierie et de production\",\"publisher\":{\"@id\":\"https:\/\/sodip.net\/en\/#organization\"},\"potentialAction\":[{\"@type\":\"SearchAction\",\"target\":{\"@type\":\"EntryPoint\",\"urlTemplate\":\"https:\/\/sodip.net\/en\/?s={search_term_string}\"},\"query-input\":\"required name=search_term_string\"}],\"inLanguage\":\"en-GB\"},{\"@type\":\"Organization\",\"@id\":\"https:\/\/sodip.net\/en\/#organization\",\"name\":\"SODIP SARL\",\"url\":\"https:\/\/sodip.net\/en\/\",\"logo\":{\"@type\":\"ImageObject\",\"inLanguage\":\"en-GB\",\"@id\":\"https:\/\/sodip.net\/en\/#\/schema\/logo\/image\/\",\"url\":\"https:\/\/sodip.net\/wp-content\/uploads\/2023\/09\/cropped-logo-1.png\",\"contentUrl\":\"https:\/\/sodip.net\/wp-content\/uploads\/2023\/09\/cropped-logo-1.png\",\"width\":825,\"height\":213,\"caption\":\"SODIP SARL\"},\"image\":{\"@id\":\"https:\/\/sodip.net\/en\/#\/schema\/logo\/image\/\"}}]}<\/script>\n<!-- \/ Yoast SEO plugin. -->","yoast_head_json":{"title":"Inspection visuelle - SODIP SARL","robots":{"index":"index","follow":"follow","max-snippet":"max-snippet:-1","max-image-preview":"max-image-preview:large","max-video-preview":"max-video-preview:-1"},"canonical":"https:\/\/sodip.net\/en\/control-non-destructif\/inspection-visuelle\/","og_locale":"en_GB","og_type":"article","og_title":"Inspection visuelle - SODIP SARL","og_description":"Inspection visuelle Votre Premier Regard sur la S\u00e9curit\u00e9 Inspection Visuelle L&#8217;inspection visuelle est une \u00e9tape essentielle pour garantir la s\u00e9curit\u00e9 de vos \u00e9quipements et de vos installations. Notre service d&#8217;inspection visuelle est organis\u00e9 en sections pour couvrir tous les aspects de cette premi\u00e8re \u00e9tape cruciale de la s\u00e9curit\u00e9. Contactez nous Inspection Visuelle Approfondie Nous commen\u00e7ons [&hellip;]","og_url":"https:\/\/sodip.net\/en\/control-non-destructif\/inspection-visuelle\/","og_site_name":"SODIP SARL","article_modified_time":"2024-03-04T09:19:13+00:00","og_image":[{"url":"https:\/\/sodip.net\/wp-content\/uploads\/2023\/11\/inspecction-visuelle1.png"}],"twitter_card":"summary_large_image","twitter_misc":{"Estimated reading time":"2 minutes"},"schema":{"@context":"https:\/\/schema.org","@graph":[{"@type":"WebPage","@id":"https:\/\/sodip.net\/control-non-destructif\/inspection-visuelle\/","url":"https:\/\/sodip.net\/control-non-destructif\/inspection-visuelle\/","name":"Inspection visuelle - SODIP SARL","isPartOf":{"@id":"https:\/\/sodip.net\/en\/#website"},"primaryImageOfPage":{"@id":"https:\/\/sodip.net\/control-non-destructif\/inspection-visuelle\/#primaryimage"},"image":{"@id":"https:\/\/sodip.net\/control-non-destructif\/inspection-visuelle\/#primaryimage"},"thumbnailUrl":"https:\/\/sodip.net\/wp-content\/uploads\/2023\/11\/inspecction-visuelle1.png","datePublished":"2023-09-01T11:04:59+00:00","dateModified":"2024-03-04T09:19:13+00:00","breadcrumb":{"@id":"https:\/\/sodip.net\/control-non-destructif\/inspection-visuelle\/#breadcrumb"},"inLanguage":"en-GB","potentialAction":[{"@type":"ReadAction","target":["https:\/\/sodip.net\/control-non-destructif\/inspection-visuelle\/"]}]},{"@type":"ImageObject","inLanguage":"en-GB","@id":"https:\/\/sodip.net\/control-non-destructif\/inspection-visuelle\/#primaryimage","url":"https:\/\/sodip.net\/wp-content\/uploads\/2023\/11\/inspecction-visuelle1.png","contentUrl":"https:\/\/sodip.net\/wp-content\/uploads\/2023\/11\/inspecction-visuelle1.png"},{"@type":"BreadcrumbList","@id":"https:\/\/sodip.net\/control-non-destructif\/inspection-visuelle\/#breadcrumb","itemListElement":[{"@type":"ListItem","position":1,"name":"Accueil","item":"https:\/\/sodip.net\/"},{"@type":"ListItem","position":2,"name":"Control Non Destructif","item":"https:\/\/sodip.net\/control-non-destructif\/"},{"@type":"ListItem","position":3,"name":"Inspection visuelle"}]},{"@type":"WebSite","@id":"https:\/\/sodip.net\/en\/#website","url":"https:\/\/sodip.net\/en\/","name":"SODIP SARL","description":"Soci\u00e9t\u00e9 d&#039;ing\u00e9nierie et de production","publisher":{"@id":"https:\/\/sodip.net\/en\/#organization"},"potentialAction":[{"@type":"SearchAction","target":{"@type":"EntryPoint","urlTemplate":"https:\/\/sodip.net\/en\/?s={search_term_string}"},"query-input":"required name=search_term_string"}],"inLanguage":"en-GB"},{"@type":"Organization","@id":"https:\/\/sodip.net\/en\/#organization","name":"SODIP SARL","url":"https:\/\/sodip.net\/en\/","logo":{"@type":"ImageObject","inLanguage":"en-GB","@id":"https:\/\/sodip.net\/en\/#\/schema\/logo\/image\/","url":"https:\/\/sodip.net\/wp-content\/uploads\/2023\/09\/cropped-logo-1.png","contentUrl":"https:\/\/sodip.net\/wp-content\/uploads\/2023\/09\/cropped-logo-1.png","width":825,"height":213,"caption":"SODIP SARL"},"image":{"@id":"https:\/\/sodip.net\/en\/#\/schema\/logo\/image\/"}}]}},"_links":{"self":[{"href":"https:\/\/sodip.net\/en\/wp-json\/wp\/v2\/pages\/6331","targetHints":{"allow":["GET"]}}],"collection":[{"href":"https:\/\/sodip.net\/en\/wp-json\/wp\/v2\/pages"}],"about":[{"href":"https:\/\/sodip.net\/en\/wp-json\/wp\/v2\/types\/page"}],"author":[{"embeddable":true,"href":"https:\/\/sodip.net\/en\/wp-json\/wp\/v2\/users\/1"}],"replies":[{"embeddable":true,"href":"https:\/\/sodip.net\/en\/wp-json\/wp\/v2\/comments?post=6331"}],"version-history":[{"count":25,"href":"https:\/\/sodip.net\/en\/wp-json\/wp\/v2\/pages\/6331\/revisions"}],"predecessor-version":[{"id":8131,"href":"https:\/\/sodip.net\/en\/wp-json\/wp\/v2\/pages\/6331\/revisions\/8131"}],"up":[{"embeddable":true,"href":"https:\/\/sodip.net\/en\/wp-json\/wp\/v2\/pages\/6309"}],"wp:attachment":[{"href":"https:\/\/sodip.net\/en\/wp-json\/wp\/v2\/media?parent=6331"}],"curies":[{"name":"wp","href":"https:\/\/api.w.org\/{rel}","templated":true}]}}